{"id":8536,"date":"2020-04-27T15:04:42","date_gmt":"2020-04-27T13:04:42","guid":{"rendered":"http:\/\/www.angolodellavventura.com\/angolonuovoitalia\/?page_id=8536"},"modified":"2020-04-29T10:55:12","modified_gmt":"2020-04-29T08:55:12","slug":"giorgio-carlucci","status":"publish","type":"page","link":"https:\/\/www.angolodellavventura.com\/angolonuovoitalia\/giorgio-carlucci\/","title":{"rendered":"Giorgio Carlucci"},"content":{"rendered":"\n<p style=\"text-align: right\"><a class=\"ctsc-button ctsc-button-small ctsc-button-none \" href=\"http:\/\/www.angolodellavventura.com\/angolonuovoitalia\/reggio-emilia-home\/\" style=\" background:#369d03;\n\t\t\t\tbackground:-moz-linear-gradient(top, #369d03 0%, #444444 100%);\n\t\t\t\tbackground:-webkit-linear-gradient(top, #369d03 0%, #444444 100%); \n\t\t\t\tbackground:linear-gradient(to bottom, #369d03 0%, #444444 100%);\n\t\t\t\tfilter:progid:DXImageTransform.Microsoft.gradient(startColorstr='#369d03', endColorstr='#444444',GradientType=0);\"><span class=\"ctsc-button-content\"><span class=\"ctsc-button-text\">HOME <\/span><\/span><\/a>&nbsp;&nbsp;<a class=\"ctsc-button ctsc-button-small ctsc-button-none \" href=\"http:\/\/www.angolodellavventura.com\/angolonuovoitalia\/reggio-emilia-coordinatori\/\" style=\" background:#369d03;\n\t\t\t\tbackground:-moz-linear-gradient(top, #369d03 0%, #444444 100%);\n\t\t\t\tbackground:-webkit-linear-gradient(top, #369d03 0%, #444444 100%); \n\t\t\t\tbackground:linear-gradient(to bottom, #369d03 0%, #444444 100%);\n\t\t\t\tfilter:progid:DXImageTransform.Microsoft.gradient(startColorstr='#369d03', endColorstr='#444444',GradientType=0);\"><span class=\"ctsc-button-content\"><span class=\"ctsc-button-text\">COORDINATORI <\/span><\/span><\/a>\n\n\n<p class=\"has-large-font-size\" style=\"text-align: center\"><span style=\"font-size: 36pt;font-family: helvetica, arial, sans-serif;color: #000000\"><strong>Giorgio Carlucci<\/strong><\/span><\/p>\n\n\n<p><span style=\"color: #000000\"><strong><span style=\"font-size: 14pt\">COMITATO DI GESTIONE &#8211; Serate (Supporter), Attivit\u00e0 ricreative<\/span><\/strong><\/span><\/p>\n\n\n\n<table style=\"border-collapse: collapse;width: 98.4946%;height: 293px\">\n<tbody>\n<tr style=\"height: 340px\">\n<td style=\"width: 36.7742%;height: 293px\"><img fetchpriority=\"high\" decoding=\"async\" class=\"wp-image-8607 aligncenter\" src=\"http:\/\/www.angolodellavventura.com\/angolonuovoitalia\/wp-content\/uploads\/2020\/04\/Carlucci-dia2-300x285.jpg\" alt=\"\" width=\"329\" height=\"313\" srcset=\"https:\/\/www.angolodellavventura.com\/angolonuovoitalia\/wp-content\/uploads\/2020\/04\/Carlucci-dia2-300x285.jpg 300w, https:\/\/www.angolodellavventura.com\/angolonuovoitalia\/wp-content\/uploads\/2020\/04\/Carlucci-dia2-768x730.jpg 768w, https:\/\/www.angolodellavventura.com\/angolonuovoitalia\/wp-content\/uploads\/2020\/04\/Carlucci-dia2.jpg 1024w\" sizes=\"(max-width: 329px) 100vw, 329px\" \/><\/td>\n<td style=\"width: 83.3665%;height: 293px\">\n<p style=\"text-align: left\"><span style=\"color: #000000;font-size: 14pt\"><span style=\"vertical-align: inherit\"><span style=\"vertical-align: inherit\">Cell \/ WA: <\/span><\/span><br \/><\/span><\/p>\n<p style=\"text-align: left\"><span style=\"color: #000000;font-size: 14pt\">Mail : <strong><a href=\"mailto:giorgio.carlucci@libero.it\">giorgio.carlucci@libero.it<\/a><\/strong><br \/><\/span><\/p>\n<p style=\"text-align: left\"><span style=\"color: #000000;font-size: 14pt\">Facebook :\u00a0<\/span><\/p>\n<\/td>\n<\/tr>\n<\/tbody>\n<\/table>\n\n\n\n<div class=\"is-layout-flow wp-block-group\"><div class=\"wp-block-group__inner-container\">\n<p class=\"has-background has-very-light-gray-background-color\"><strong>Presentazione&nbsp; &nbsp;<\/strong><\/p>\n\n\n\n<p>Ho conosciuto AnM nel 1988 per\u00f2 il mio primo viaggio risale a qualche anno dopo ed esattamente nel 1990 con un Cina in libert\u00e0 di quatto settimane e da l\u00ec in poi \u00e8 stato un crescendo. Ho viaggiato con diverse formule di viaggio, dai trek ai soft e preferisco viaggi etnici, naturalistici e storici , ma non disdegno ogni tanto anche quelli relax. Non sono un capogruppo, ma partecipo attivamente dal 2003 a tutte le iniziative dell\u2019Angolo. Sono appassionato di fotografia e al ritorno dai viaggi creo audiovisivi che proietto alle serate dell\u2019Angolo.<\/p>\n<\/div><\/div>\n\n\n\n<p class=\"has-background has-very-light-gray-background-color\"><strong>Motto<\/strong><\/p>\n\n\n","protected":false},"excerpt":{"rendered":"<p>Giorgio Carlucci Presentazione&nbsp; &nbsp; Motto<\/p>\n","protected":false},"author":76,"featured_media":0,"parent":0,"menu_order":0,"comment_status":"closed","ping_status":"closed","template":"","meta":{"_exactmetrics_skip_tracking":false,"_exactmetrics_sitenote_active":false,"_exactmetrics_sitenote_note":"","_exactmetrics_sitenote_category":0},"ppma_author":[79],"_links":{"self":[{"href":"https:\/\/www.angolodellavventura.com\/angolonuovoitalia\/wp-json\/wp\/v2\/pages\/8536"}],"collection":[{"href":"https:\/\/www.angolodellavventura.com\/angolonuovoitalia\/wp-json\/wp\/v2\/pages"}],"about":[{"href":"https:\/\/www.angolodellavventura.com\/angolonuovoitalia\/wp-json\/wp\/v2\/types\/page"}],"author":[{"embeddable":true,"href":"https:\/\/www.angolodellavventura.com\/angolonuovoitalia\/wp-json\/wp\/v2\/users\/76"}],"replies":[{"embeddable":true,"href":"https:\/\/www.angolodellavventura.com\/angolonuovoitalia\/wp-json\/wp\/v2\/comments?post=8536"}],"version-history":[{"count":0,"href":"https:\/\/www.angolodellavventura.com\/angolonuovoitalia\/wp-json\/wp\/v2\/pages\/8536\/revisions"}],"wp:attachment":[{"href":"https:\/\/www.angolodellavventura.com\/angolonuovoitalia\/wp-json\/wp\/v2\/media?parent=8536"}],"wp:term":[{"taxonomy":"author","embeddable":true,"href":"https:\/\/www.angolodellavventura.com\/angolonuovoitalia\/wp-json\/wp\/v2\/ppma_author?post=8536"}],"curies":[{"name":"wp","href":"https:\/\/api.w.org\/{rel}","templated":true}]}}