{"id":8535,"date":"2020-04-27T15:04:34","date_gmt":"2020-04-27T13:04:34","guid":{"rendered":"http:\/\/www.angolodellavventura.com\/angolonuovoitalia\/?page_id=8535"},"modified":"2020-06-12T10:38:59","modified_gmt":"2020-06-12T08:38:59","slug":"alessandra-ferretti","status":"publish","type":"page","link":"https:\/\/www.angolodellavventura.com\/angolonuovoitalia\/alessandra-ferretti\/","title":{"rendered":"Alessandra Ferretti"},"content":{"rendered":"\n<p style=\"text-align: right\"><a class=\"ctsc-button ctsc-button-small ctsc-button-none \" href=\"http:\/\/www.angolodellavventura.com\/angolonuovoitalia\/reggio-emilia-home\/\" style=\" background:#369d03;\n\t\t\t\tbackground:-moz-linear-gradient(top, #369d03 0%, #444444 100%);\n\t\t\t\tbackground:-webkit-linear-gradient(top, #369d03 0%, #444444 100%); \n\t\t\t\tbackground:linear-gradient(to bottom, #369d03 0%, #444444 100%);\n\t\t\t\tfilter:progid:DXImageTransform.Microsoft.gradient(startColorstr='#369d03', endColorstr='#444444',GradientType=0);\"><span class=\"ctsc-button-content\"><span class=\"ctsc-button-text\">HOME <\/span><\/span><\/a>&nbsp;&nbsp;<a class=\"ctsc-button ctsc-button-small ctsc-button-none \" href=\"http:\/\/www.angolodellavventura.com\/angolonuovoitalia\/reggio-emilia-coordinatori\/\" style=\" background:#369d03;\n\t\t\t\tbackground:-moz-linear-gradient(top, #369d03 0%, #444444 100%);\n\t\t\t\tbackground:-webkit-linear-gradient(top, #369d03 0%, #444444 100%); \n\t\t\t\tbackground:linear-gradient(to bottom, #369d03 0%, #444444 100%);\n\t\t\t\tfilter:progid:DXImageTransform.Microsoft.gradient(startColorstr='#369d03', endColorstr='#444444',GradientType=0);\"><span class=\"ctsc-button-content\"><span class=\"ctsc-button-text\">COORDINATORI <\/span><\/span><\/a>\n\n\n<p class=\"has-large-font-size\" style=\"text-align: center\"><span style=\"font-size: 36pt;font-family: helvetica, arial, sans-serif;color: #000000\"><strong>Alessandra Ferretti<\/strong><\/span><\/p>\n\n\n<p><span style=\"color: #000000\"><strong><span style=\"font-size: 14pt\">COMITATO DI GESTIONE &#8211; Cultura del viaggio (Moderatore), Serate (Supporter), Attivit\u00e0 ricreative<\/span><\/strong><\/span><\/p>\n\n\n\n<table style=\"border-collapse: collapse;width: 98.4946%;height: 293px\">\n<tbody>\n<tr style=\"height: 340px\">\n<td style=\"width: 36.7742%;height: 293px\"><img fetchpriority=\"high\" decoding=\"async\" class=\"wp-image-8538 aligncenter\" src=\"http:\/\/www.angolodellavventura.com\/angolonuovoitalia\/wp-content\/uploads\/2020\/04\/Ferretti-dia-300x285.jpg\" alt=\"\" width=\"326\" height=\"310\" srcset=\"https:\/\/www.angolodellavventura.com\/angolonuovoitalia\/wp-content\/uploads\/2020\/04\/Ferretti-dia-300x285.jpg 300w, https:\/\/www.angolodellavventura.com\/angolonuovoitalia\/wp-content\/uploads\/2020\/04\/Ferretti-dia-768x730.jpg 768w, https:\/\/www.angolodellavventura.com\/angolonuovoitalia\/wp-content\/uploads\/2020\/04\/Ferretti-dia.jpg 1024w\" sizes=\"(max-width: 326px) 100vw, 326px\" \/><\/td>\n<td style=\"width: 83.3665%;height: 293px\">\n<p style=\"text-align: left\"><span style=\"color: #000000;font-size: 14pt\">Cell\/WA : <strong>348-5275860<\/strong><br><\/span><\/p>\n<p style=\"text-align: left\"><span style=\"color: #000000;font-size: 14pt\">Mail : <strong><a href=\"mailto:ale_ferretti@fastwebnet.it\">ale_ferretti@fastwebnet.it<\/a> <\/strong><br><\/span><\/p>\n<p style=\"text-align: left\"><span style=\"color: #000000;font-size: 14pt\">Facebook : <strong><a href=\"https:\/\/www.facebook.com\/alessandra.ferretti.125\">Alessandra Ferretti<\/a><\/strong><\/span><\/p>\n<\/td>\n<\/tr>\n<\/tbody>\n<\/table>\n\n\n\n<div class=\"is-layout-flow wp-block-group\"><div class=\"wp-block-group__inner-container\">\n<p class=\"has-background has-very-light-gray-background-color\"><strong>Presentazione&nbsp; &nbsp;<\/strong><\/p>\n\n\n\n<p>\u201cAvventura\u201d. Un programma Rai per ragazzi della met\u00e0 degli anni \u201970. Documentari sulla natura. Esplorazioni in luoghi impervi o sconosciuti. La sigla di apertura cantata da Joe Cocker, con il verso dei gabbiani che ho ancora scolpito nella mente. L\u2019occasione per sognare e per volare via lontano. Un incontro premonitore che ha anticipato quello, giovanissima, con Avventure nel Mondo, nel 1989, dopo il mio primo viaggio da sola nel 1988: l\u2019India in treno e con bus locali, per oltre un mese. Un amore folgorante che non mi ha pi\u00f9 abbandonato. Da allora, un alternarsi di viaggi personali e con Avventure. Dal 2015 sono Coordinatrice.&nbsp;Per me il viaggio \u00e8 respiro, qualunque sia la meta. Ne amo ogni momento: prima, durante e dopo \u2026e quando non posso spostarmi fisicamente lo faccio con la fantasia, l\u2019immaginazione e i libri. Imprenditrice e libera professionista in campo culturale e turistico prima, ora sono operatrice bibliotecaria. Curiosit\u00e0, amore per la conoscenza e la storia delle persone, per la scoperta di ci\u00f2 che \u00e8 altro da me e di ci\u00f2 che sono, per l\u2019ambiente, la storia e l\u2019arte sono i fili con cui creo le trame delle mie esperienze di viaggio, in un libero intreccio di creativit\u00e0, sperimentazione, impegno e preparazione. Appassionatamente!<\/p>\n<\/div><\/div>\n\n\n\n<p class=\"has-background has-very-light-gray-background-color\"><strong>Motto<\/strong><\/p>\n\n\n<p>\u201cLe persone non fanno i viaggi, sono i viaggi che fanno le persone\u201d (John Steinbeck)<\/p>\n<p>\u201cOvunque tu vada, vacci con tutto il tuo cuore\u201d (Confucio)<\/p>","protected":false},"excerpt":{"rendered":"<p>Alessandra Ferretti Presentazione&nbsp; &nbsp; Motto \u201cLe persone non fanno i viaggi, sono i viaggi che fanno le persone\u201d (John Steinbeck) \u201cOvunque tu vada, vacci con tutto il tuo cuore\u201d (Confucio)<\/p>\n","protected":false},"author":76,"featured_media":0,"parent":0,"menu_order":0,"comment_status":"closed","ping_status":"closed","template":"","meta":{"_exactmetrics_skip_tracking":false,"_exactmetrics_sitenote_active":false,"_exactmetrics_sitenote_note":"","_exactmetrics_sitenote_category":0},"ppma_author":[79],"_links":{"self":[{"href":"https:\/\/www.angolodellavventura.com\/angolonuovoitalia\/wp-json\/wp\/v2\/pages\/8535"}],"collection":[{"href":"https:\/\/www.angolodellavventura.com\/angolonuovoitalia\/wp-json\/wp\/v2\/pages"}],"about":[{"href":"https:\/\/www.angolodellavventura.com\/angolonuovoitalia\/wp-json\/wp\/v2\/types\/page"}],"author":[{"embeddable":true,"href":"https:\/\/www.angolodellavventura.com\/angolonuovoitalia\/wp-json\/wp\/v2\/users\/76"}],"replies":[{"embeddable":true,"href":"https:\/\/www.angolodellavventura.com\/angolonuovoitalia\/wp-json\/wp\/v2\/comments?post=8535"}],"version-history":[{"count":0,"href":"https:\/\/www.angolodellavventura.com\/angolonuovoitalia\/wp-json\/wp\/v2\/pages\/8535\/revisions"}],"wp:attachment":[{"href":"https:\/\/www.angolodellavventura.com\/angolonuovoitalia\/wp-json\/wp\/v2\/media?parent=8535"}],"wp:term":[{"taxonomy":"author","embeddable":true,"href":"https:\/\/www.angolodellavventura.com\/angolonuovoitalia\/wp-json\/wp\/v2\/ppma_author?post=8535"}],"curies":[{"name":"wp","href":"https:\/\/api.w.org\/{rel}","templated":true}]}}