{"id":8498,"date":"2020-04-27T13:51:05","date_gmt":"2020-04-27T11:51:05","guid":{"rendered":"http:\/\/www.angolodellavventura.com\/angolonuovoitalia\/?page_id=8498"},"modified":"2020-04-27T16:54:15","modified_gmt":"2020-04-27T14:54:15","slug":"daniela-calzolari","status":"publish","type":"page","link":"https:\/\/www.angolodellavventura.com\/angolonuovoitalia\/daniela-calzolari\/","title":{"rendered":"Daniela Calzolari"},"content":{"rendered":"\n<p style=\"text-align: right\"><a class=\"ctsc-button ctsc-button-small ctsc-button-none \" href=\"http:\/\/www.angolodellavventura.com\/angolonuovoitalia\/reggio-emilia-home\/\" style=\" background:#369d03;\n\t\t\t\tbackground:-moz-linear-gradient(top, #369d03 0%, #444444 100%);\n\t\t\t\tbackground:-webkit-linear-gradient(top, #369d03 0%, #444444 100%); \n\t\t\t\tbackground:linear-gradient(to bottom, #369d03 0%, #444444 100%);\n\t\t\t\tfilter:progid:DXImageTransform.Microsoft.gradient(startColorstr='#369d03', endColorstr='#444444',GradientType=0);\"><span class=\"ctsc-button-content\"><span class=\"ctsc-button-text\">HOME <\/span><\/span><\/a>&nbsp;&nbsp;<a class=\"ctsc-button ctsc-button-small ctsc-button-none \" href=\"http:\/\/www.angolodellavventura.com\/angolonuovoitalia\/reggio-emilia-coordinatori\/\" style=\" background:#369d03;\n\t\t\t\tbackground:-moz-linear-gradient(top, #369d03 0%, #444444 100%);\n\t\t\t\tbackground:-webkit-linear-gradient(top, #369d03 0%, #444444 100%); \n\t\t\t\tbackground:linear-gradient(to bottom, #369d03 0%, #444444 100%);\n\t\t\t\tfilter:progid:DXImageTransform.Microsoft.gradient(startColorstr='#369d03', endColorstr='#444444',GradientType=0);\"><span class=\"ctsc-button-content\"><span class=\"ctsc-button-text\">COORDINATORI <\/span><\/span><\/a>\n\n\n<p class=\"has-large-font-size\" style=\"text-align: center\"><span style=\"font-size: 36pt;font-family: helvetica, arial, sans-serif;color: #000000\"><strong>Daniela Calzolari<\/strong><\/span><\/p>\n\n\n<p><span style=\"color: #000000\"><strong><span style=\"font-size: 14pt\">Coordinatore<\/span><\/strong><\/span><\/p>\n\n\n\n<table style=\"border-collapse: collapse;width: 98.4946%;height: 293px\">\n<tbody>\n<tr style=\"height: 340px\">\n<td style=\"width: 36.7742%;height: 293px\"><img fetchpriority=\"high\" decoding=\"async\" class=\"alignnone  wp-image-8507 alignleft\" src=\"http:\/\/www.angolodellavventura.com\/angolonuovoitalia\/wp-content\/uploads\/2020\/04\/Calzolari-Daniela-dia-300x285.jpg\" alt=\"\" width=\"316\" height=\"300\" srcset=\"https:\/\/www.angolodellavventura.com\/angolonuovoitalia\/wp-content\/uploads\/2020\/04\/Calzolari-Daniela-dia-300x285.jpg 300w, https:\/\/www.angolodellavventura.com\/angolonuovoitalia\/wp-content\/uploads\/2020\/04\/Calzolari-Daniela-dia-768x730.jpg 768w, https:\/\/www.angolodellavventura.com\/angolonuovoitalia\/wp-content\/uploads\/2020\/04\/Calzolari-Daniela-dia.jpg 1024w\" sizes=\"(max-width: 316px) 100vw, 316px\" \/><\/td>\n<td style=\"width: 83.3665%;height: 293px\">\n<p style=\"text-align: left\"><span style=\"color: #000000;font-size: 14pt\">Cell\/WA : <strong>338-5961508<\/strong><\/span><\/p>\n<p style=\"text-align: left\"><span style=\"color: #000000;font-size: 14pt\">Mail : <a href=\"mailto:daniela@fotoinda.it\"><strong>daniela@fotoinda.it<\/strong><\/a><br \/><\/span><\/p>\n<p style=\"text-align: left\"><span style=\"color: #000000;font-size: 14pt\">Facebook : <a href=\"https:\/\/www.facebook.com\/daniela.calzolari\"><strong>Daniela Calzolari<\/strong><\/a><\/span><\/p>\n<p style=\"text-align: left\"><span style=\"font-size: 14pt\">Web : <strong><a href=\"http:\/\/www.fotoinda.it\">Fotoinda<\/a><\/strong><\/span><\/p>\n<\/td>\n<\/tr>\n<\/tbody>\n<\/table>\n\n\n\n<div class=\"is-layout-flow wp-block-group\"><div class=\"wp-block-group__inner-container\">\n<p class=\"has-background has-very-light-gray-background-color\"><strong>Presentazione&nbsp; &nbsp;<\/strong><\/p>\n\n\n\n<p>Il mio desiderio pi\u00f9 grande, \u00e8 sempre stato quello di viaggiare. A trentasei anni ho cambiato la mia vita, passando dall\u2019informazione medico scientifica per una delle pi\u00f9 grandi multinazionali nel farmaceutico, ad un piccolo bar preso insieme al mio compagno di vita, di viaggio ed anche di lavoro( per 16 anni fino al marzo 2016, anno in cui abbiamo venduto il bar!) Di viaggio in viaggio \u00e8 cresciuto anche l\u2019amore per la fotografia, la grande possibilit\u00e0 di imprimere momenti e sguardi indimenticabili, che racconto nel mio sito creando album per ogni viaggio fatto! Dopo il bar, il mio compagno ha intrapreso una attivit\u00e0 che non gli ha pi\u00f9 permesso di viaggiare come prima, \u00e8 stato cos\u00ec che ho incontrato e pi\u00f9 lasciato, Avventure nel Mondo! Ho fatto 6 viaggi in 3 anni durante i quali ho incontrato un coordinatore con il quale si \u00e8 creata una bella amicizia e grazie a lui nel luglio del 2019 mi \u00e8 stato assegnato il codice coordinatore. Nel settembre dello stesso anno ho coordinato il mio primo viaggio in\u201d Rajasthan\u201d e nel novembre il mio secondo,\u201d India Centrale Breve\u201d. Ho scelto l\u2019India in quanto amo e conosco bene avendo fatto negli anni scorsi 10 viaggi sola con il mio compagno.&nbsp;<\/p>\n<\/div><\/div>\n\n\n\n<p class=\"has-background has-very-light-gray-background-color\"><strong>Motto<\/strong><\/p>\n\n\n\n<p>Non temere di avanzare lentamente, abbi solo paura di fermarti ( proverbio indiano)<\/p>\n","protected":false},"excerpt":{"rendered":"<p>Daniela Calzolari Presentazione&nbsp; &nbsp; Motto<\/p>\n","protected":false},"author":76,"featured_media":0,"parent":0,"menu_order":0,"comment_status":"closed","ping_status":"closed","template":"","meta":{"_exactmetrics_skip_tracking":false,"_exactmetrics_sitenote_active":false,"_exactmetrics_sitenote_note":"","_exactmetrics_sitenote_category":0},"ppma_author":[79],"_links":{"self":[{"href":"https:\/\/www.angolodellavventura.com\/angolonuovoitalia\/wp-json\/wp\/v2\/pages\/8498"}],"collection":[{"href":"https:\/\/www.angolodellavventura.com\/angolonuovoitalia\/wp-json\/wp\/v2\/pages"}],"about":[{"href":"https:\/\/www.angolodellavventura.com\/angolonuovoitalia\/wp-json\/wp\/v2\/types\/page"}],"author":[{"embeddable":true,"href":"https:\/\/www.angolodellavventura.com\/angolonuovoitalia\/wp-json\/wp\/v2\/users\/76"}],"replies":[{"embeddable":true,"href":"https:\/\/www.angolodellavventura.com\/angolonuovoitalia\/wp-json\/wp\/v2\/comments?post=8498"}],"version-history":[{"count":0,"href":"https:\/\/www.angolodellavventura.com\/angolonuovoitalia\/wp-json\/wp\/v2\/pages\/8498\/revisions"}],"wp:attachment":[{"href":"https:\/\/www.angolodellavventura.com\/angolonuovoitalia\/wp-json\/wp\/v2\/media?parent=8498"}],"wp:term":[{"taxonomy":"author","embeddable":true,"href":"https:\/\/www.angolodellavventura.com\/angolonuovoitalia\/wp-json\/wp\/v2\/ppma_author?post=8498"}],"curies":[{"name":"wp","href":"https:\/\/api.w.org\/{rel}","templated":true}]}}