{"id":822,"date":"2020-01-30T12:17:49","date_gmt":"2020-01-30T11:17:49","guid":{"rendered":"http:\/\/www.angolodellavventura.com\/angolonuovoitalia\/?page_id=822"},"modified":"2026-03-20T16:06:56","modified_gmt":"2026-03-20T15:06:56","slug":"saronno-proiezioni","status":"publish","type":"page","link":"https:\/\/www.angolodellavventura.com\/angolonuovoitalia\/saronno-proiezioni\/","title":{"rendered":"Saronno: Proiezioni"},"content":{"rendered":"\t\t<div data-elementor-type=\"wp-page\" data-elementor-id=\"822\" class=\"elementor elementor-822\">\n\t\t\t\t<div class=\"elementor-element elementor-element-6b1b0196 e-flex e-con-boxed wpr-particle-no wpr-jarallax-no wpr-parallax-no wpr-sticky-section-no e-con e-parent\" data-id=\"6b1b0196\" data-element_type=\"container\">\n\t\t\t\t\t<div class=\"e-con-inner\">\n\t\t\t\t<div class=\"elementor-element elementor-element-6ca9e975 elementor-widget elementor-widget-text-editor\" data-id=\"6ca9e975\" data-element_type=\"widget\" data-widget_type=\"text-editor.default\">\n\t\t\t\t<div class=\"elementor-widget-container\">\n\t\t\t<style>\/*! elementor - v3.22.0 - 26-06-2024 *\/\n.elementor-widget-text-editor.elementor-drop-cap-view-stacked .elementor-drop-cap{background-color:#69727d;color:#fff}.elementor-widget-text-editor.elementor-drop-cap-view-framed .elementor-drop-cap{color:#69727d;border:3px solid;background-color:transparent}.elementor-widget-text-editor:not(.elementor-drop-cap-view-default) .elementor-drop-cap{margin-top:8px}.elementor-widget-text-editor:not(.elementor-drop-cap-view-default) .elementor-drop-cap-letter{width:1em;height:1em}.elementor-widget-text-editor .elementor-drop-cap{float:left;text-align:center;line-height:1;font-size:50px}.elementor-widget-text-editor .elementor-drop-cap-letter{display:inline-block}<\/style>\t\t\t\t<p><!-- wp:paragraph {\"align\":\"center\"} --><\/p>\n<p><a class=\"ctsc-button ctsc-button-small ctsc-button-none \" href=\"http:\/\/www.angolodellavventura.com\/angolonuovoitalia\/saronno-chi-siamo\/\" style=\" background:#369d03;\n\t\t\t\tbackground:-moz-linear-gradient(top, #369d03 0%, #444444 100%);\n\t\t\t\tbackground:-webkit-linear-gradient(top, #369d03 0%, #444444 100%); \n\t\t\t\tbackground:linear-gradient(to bottom, #369d03 0%, #444444 100%);\n\t\t\t\tfilter:progid:DXImageTransform.Microsoft.gradient(startColorstr='#369d03', endColorstr='#444444',GradientType=0);\"><span class=\"ctsc-button-content\"><span class=\"ctsc-button-text\">CHI SIAMO<\/span><\/span><\/a>\u00a0\u00a0<a class=\"ctsc-button ctsc-button-small ctsc-button-none \" href=\"http:\/\/www.angolodellavventura.com\/angolonuovoitalia\/saronno-contatti\/\" style=\" background:#369d03;\n\t\t\t\tbackground:-moz-linear-gradient(top, #369d03 0%, #444444 100%);\n\t\t\t\tbackground:-webkit-linear-gradient(top, #369d03 0%, #444444 100%); \n\t\t\t\tbackground:linear-gradient(to bottom, #369d03 0%, #444444 100%);\n\t\t\t\tfilter:progid:DXImageTransform.Microsoft.gradient(startColorstr='#369d03', endColorstr='#444444',GradientType=0);\"><span class=\"ctsc-button-content\"><span class=\"ctsc-button-text\">CONTATTI<\/span><\/span><\/a>\u00a0 <a class=\"ctsc-button ctsc-button-small ctsc-button-none \" href=\"http:\/\/www.angolodellavventura.com\/angolonuovoitalia\/saronno-proiezioni\/\" style=\" background:#369d03;\n\t\t\t\tbackground:-moz-linear-gradient(top, #369d03 0%, #444444 100%);\n\t\t\t\tbackground:-webkit-linear-gradient(top, #369d03 0%, #444444 100%); \n\t\t\t\tbackground:linear-gradient(to bottom, #369d03 0%, #444444 100%);\n\t\t\t\tfilter:progid:DXImageTransform.Microsoft.gradient(startColorstr='#369d03', endColorstr='#444444',GradientType=0);\"><span class=\"ctsc-button-content\"><span class=\"ctsc-button-text\">PROIEZIONI<\/span><\/span><\/a>\u00a0 <a class=\"ctsc-button ctsc-button-small ctsc-button-none \" href=\"http:\/\/www.angolodellavventura.com\/angolonuovoitalia\/saronno-escursioni-e-gite\/\" style=\" background:#369d03;\n\t\t\t\tbackground:-moz-linear-gradient(top, #369d03 0%, #444444 100%);\n\t\t\t\tbackground:-webkit-linear-gradient(top, #369d03 0%, #444444 100%); \n\t\t\t\tbackground:linear-gradient(to bottom, #369d03 0%, #444444 100%);\n\t\t\t\tfilter:progid:DXImageTransform.Microsoft.gradient(startColorstr='#369d03', endColorstr='#444444',GradientType=0);\"><span class=\"ctsc-button-content\"><span class=\"ctsc-button-text\">ESCURSIONI E GITE<\/span><\/span><\/a> <a class=\"ctsc-button ctsc-button-small ctsc-button-none \" href=\"http:\/\/www.angolodellavventura.com\/angolonuovoitalia\/saronno-coordinatori\/\" style=\" background:#369d03;\n\t\t\t\tbackground:-moz-linear-gradient(top, #369d03 0%, #444444 100%);\n\t\t\t\tbackground:-webkit-linear-gradient(top, #369d03 0%, #444444 100%); \n\t\t\t\tbackground:linear-gradient(to bottom, #369d03 0%, #444444 100%);\n\t\t\t\tfilter:progid:DXImageTransform.Microsoft.gradient(startColorstr='#369d03', endColorstr='#444444',GradientType=0);\"><span class=\"ctsc-button-content\"><span class=\"ctsc-button-text\">COORDINATORI<\/span><\/span><\/a> <a class=\"ctsc-button ctsc-button-small ctsc-button-none \" href=\"http:\/\/www.angolodellavventura.com\/angolonuovoitalia\/saronno-news\/\" style=\" background:#369d03;\n\t\t\t\tbackground:-moz-linear-gradient(top, #369d03 0%, #444444 100%);\n\t\t\t\tbackground:-webkit-linear-gradient(top, #369d03 0%, #444444 100%); \n\t\t\t\tbackground:linear-gradient(to bottom, #369d03 0%, #444444 100%);\n\t\t\t\tfilter:progid:DXImageTransform.Microsoft.gradient(startColorstr='#369d03', endColorstr='#444444',GradientType=0);\"><span class=\"ctsc-button-content\"><span class=\"ctsc-button-text\">NEWS<\/span><\/span><\/a><\/p>\n<p><!-- \/wp:paragraph --><\/p>\n<p><!-- wp:tadv\/classic-paragraph --><\/p>\n<p style=\"text-align: justify\">Per incontri, proiezioni di diapositive e scambio di esperienze di viaggio gli amici di Avventure nel Mondo si ritrovano, se non diversamente indicato, ogni secondo Venerd\u00ec del mese alle ore 21.00 a <a href=\"https:\/\/goo.gl\/maps\/VcyUCMCNvMB2\" target=\"_blank\" rel=\"noopener noreferrer\">Saronno<\/a>\u00a0Viale Santuario, 15\u00a0presso l\u2019Auditorium della Scuola Aldo Moro. Le escursioni sono organizzate in collaborazione con la comunit\u00e0 Angolo dell&#8217;Avventura di Besnate.<\/p>\n<p style=\"text-align: justify\">Puoi scaricare il calendario, sempre aggiornato, di tutte le attivit\u00e0 che svolgiamo cliccando su questo tasto:<\/p>\n<p style=\"text-align: center\"><a class=\"ctsc-button ctsc-button-normal ctsc-button-none \" href=\"http:\/\/www.angolodellavventura.com\/angolonuovoitalia\/wp-content\/uploads\/2026\/03\/Calendario-Proiezioni-2026.pdf\" style=\" background:#369d03;\n\t\t\t\tbackground:-moz-linear-gradient(top, #369d03 0%, #444444 100%);\n\t\t\t\tbackground:-webkit-linear-gradient(top, #369d03 0%, #444444 100%); \n\t\t\t\tbackground:linear-gradient(to bottom, #369d03 0%, #444444 100%);\n\t\t\t\tfilter:progid:DXImageTransform.Microsoft.gradient(startColorstr='#369d03', endColorstr='#444444',GradientType=0);\"><span class=\"ctsc-button-content\"><span class=\"ctsc-button-text\">CALENDARIO<\/span><\/span><\/a><\/p>\n<p style=\"text-align: center\">L&#8217;ingresso \u00e8 sempre gratuito.<\/p>\n<p><strong>IN EVIDENZA:<\/strong><\/p>\n<p style=\"text-align: justify\"><strong>17 Ottobre 2025: &#8220;I KOROWAY DI PAPUA&#8221;<\/strong> &#8211; Relatore: Marco Trucchi<\/p>\n<p style=\"text-align: justify\">Alla ricerca delle ultime trib\u00f9 integre dei Koroway. Contattati dall&#8217;uomo bianco per la prima volta nel 1974, i Koroway sono tra le ultime trib\u00f9 pi\u00f9 isolate del mondo e vivono su case costruite sugli alberi con altezze che possono arrivare anche a 50 mt. dal suolo.<\/p>\n<p style=\"text-align: right\"><a href=\"http:\/\/www.angolodellavventura.com\/angolonuovoitalia\/wp-content\/uploads\/2025\/10\/I-Koroway-di-Papua.pdf\" target=\"_blank\" rel=\"noopener\">Locandina<\/a><\/p>\n<p><strong>13 Novembre 2025: &#8220;PAKISTAN, in moto alla scoperta del Karakorum&#8221;<\/strong> &#8211; Relatore: Guido Schmidt<\/p>\n<p style=\"text-align: justify\">Un viaggio\u00a0decisamente fuori dagli itinerari turistici pi\u00f9 frequentati con destinazione Pakistan settentrionale alla scoperta della catena montagnosa del Karakorum con 5 montagne oltre 8.000m e le avventure sul Karakorum Highway una delle strade pi\u00f9 mitiche del mondo. Un tuffo tra gente meravigliosa lontana dagli stereotipi dei mass media, paesaggi mozzafiato in un ambiente cos\u00ec autentico e raro in molte altre parti del mondo.<\/p>\n<p style=\"font-style: normal;font-size: 18px;font-family: Roboto, sans-serif;text-align: right\"><a href=\"http:\/\/www.angolodellavventura.com\/angolonuovoitalia\/wp-content\/uploads\/2025\/10\/Pakistan.pdf\" target=\"_blank\" rel=\"noopener\">Locandina<\/a><\/p>\n<p style=\"text-align: justify\"><strong>9 Gennaio 2026: &#8220;ANTARTIDE, il continente bianco&#8221;<\/strong> &#8211; Relatore: Antonino Grassia<\/p>\n<p style=\"text-align: justify\">Al di l\u00e0 del fatto che oggi si possa andare a visitare, l&#8217;Antartide resta ancora il posto meno conosciuto e inaccessibile della terra. La spedizione esplora una delle ultime aree selvatiche della Terra: una terra di paesaggi incredibilmente belli e di una fauna selvatica incredibilmente varia.<\/p>\n<p style=\"text-align: right\"><a href=\"http:\/\/www.angolodellavventura.com\/angolonuovoitalia\/wp-content\/uploads\/2026\/01\/Antartide.pdf\" target=\"_blank\" rel=\"noopener\">Locandina<\/a><\/p>\n<p style=\"text-align: justify\"><strong>13 Febbraio 2026: &#8220;RAJA AMPAT, esiste l&#8217;ultimo Paradiso?&#8221;<\/strong> &#8211; Relatore: Alberto Soldavini<\/p>\n<p style=\"text-align: justify\">Raja Ampat \u00e8 una delle destinazioni da sogno dell&#8217;Indonesia, l&#8217;arcipelago delle meraviglie che incanta i viaggiatori di tutto il mondo, desiderosi di visitare l&#8217;Eden terrestre.<\/p>\n<p style=\"text-align: right\"><a href=\"http:\/\/www.angolodellavventura.com\/angolonuovoitalia\/wp-content\/uploads\/2026\/01\/Raja-Ampat.pdf\" target=\"_blank\" rel=\"noopener\">Locandina<\/a><\/p>\n<p style=\"text-align: justify\"><strong>13 Marzo 2026: &#8220;LAOS&#8221;<\/strong> &#8211; Relatrice: Alessia Comparetti<\/p>\n<p style=\"text-align: justify\">Un paese che, ancora, conosce poco il turismo e che stupir\u00e0 per la spiritualit\u00e0, l\u2019architettura coloniale francese ed una natura fatta di cascate, grotte costellate da migliaia di statuette di Buddha, montagne e foreste.<\/p>\n<p style=\"text-align: right\"><a href=\"http:\/\/www.angolodellavventura.com\/angolonuovoitalia\/wp-content\/uploads\/2026\/02\/Laos.pdf\" target=\"_blank\" rel=\"noopener\">Locandina<\/a><\/p>\n<p style=\"text-align: right\">\u00a0<\/p>\n<p style=\"text-align: justify\"><strong>10 Aprile 2026: &#8220;ACROSS AMERICA, DALL&#8217;ATLANTICO AL PACIFICO&#8221;<\/strong> &#8211; Relatore: Pino Lovo<\/p>\n<p style=\"text-align: justify\">Sei mesi di viaggio, vissuti attraverso gli States, seguendo lungo strade, spesso poco battute, le storie, i luoghi e la natura di un paese per molti versi straordinario, a volte sorprendente, mai banale.<\/p>\n<p style=\"text-align: right\"><a href=\"http:\/\/www.angolodellavventura.com\/angolonuovoitalia\/wp-content\/uploads\/2026\/03\/Across-America.pdf\" target=\"_blank\" rel=\"noopener\">Locandina<\/a><\/p>\n<p style=\"text-align: right\">\u00a0<\/p>\n<p style=\"text-align: justify\"><strong>08 Maggio 2026: &#8220;RUSSIA E UZBEKISTAN&#8221;<\/strong> &#8211; Relatore: Marco Trucchi<\/p>\n<p>Due Paesi dell&#8217;ex U.R.S.S. a confronto. Da San Pietroburgo e le foreste della Carelia a Samarcanda e le fantastiche architetture dell&#8217;Asia Centrale.<\/p>\n<p style=\"text-align: justify\">\u00a0<\/p>\n<p style=\"text-align: right\">Locandina<\/p>\n<p style=\"text-align: right\">\u00a0<\/p>\n<p style=\"text-align: justify\"><strong>12 Giugno 2026: &#8220;CINA SCONOSCIUTA&#8221;<\/strong> &#8211; Relatrice: Natasha Tuis<\/p>\n<p style=\"text-align: justify\">Scopriamo insieme la Cina rurale con il nostro viaggio in Fujian e Zhejiang. Da Xiamen a Shanghai, immersi nelle tradizioni secolari delle province cinesi, esplorando villaggi pittoreschi, antiche architetture e paesaggi mozzafiato. In viaggio come un locale, utilizzando mezzi pubblici e vivendo esperienze uniche che permettono di sentire parte di questa affascinante cultura<\/p>\n<p style=\"text-align: right\"><a href=\"http:\/\/www.angolodellavventura.com\/angolonuovoitalia\/wp-content\/uploads\/2026\/01\/Cina-Sconosciuta.pdf\" target=\"_blank\" rel=\"noopener\">Locandina<\/a><\/p>\n<p>&nbsp;<\/p>\n<p style=\"text-align: justify\">Con la proiezione del 12 Giugno siamo giunti al termine della prima parte della stagione 2026. Le proiezioni riprenderanno con la proiezione del 09 Ottobre, sempre il secondo venerd\u00ec del mese.<\/p>\n<p>&nbsp;<\/p>\n<p style=\"text-align: justify\"><strong>09 Ottobre 2026: &#8220;DA DEFINIRE&#8221;<\/strong> &#8211; Relatore: \u00a0<\/p>\n<p style=\"text-align: justify\">\u00a0<\/p>\n<p style=\"text-align: right\">Locandina<\/p>\n<p style=\"text-align: justify\"><strong>13 Novembre 2026: &#8220;DANCALIA&#8221;<\/strong> &#8211; Relatore: Guido\u00a0<span style=\"font-family: Roboto, sans-serif;font-size: 18px;font-style: normal;text-align: var(--text-align)\">Schmidt<\/span><\/p>\n<p style=\"text-align: justify\"><span style=\"font-family: Roboto, sans-serif;font-size: 18px;font-style: normal;text-align: var(--text-align)\">nell\u2019immensa depressione dancala, attraverseremo vulcani e laghi di sale. Scopriremo paesaggi straordinari e affascinanti, vivendo un\u2019avventura di gruppo intensa e unica tra le meraviglie naturali di questa regione remota e ancora sconosciuta.<\/span><\/p>\n<p style=\"text-align: justify\">\u00a0<\/p>\n<p style=\"text-align: right\">Locandina<\/p>\n<p style=\"text-align: justify\"><strong>11 Dicembre 2026: &#8220;DA DEFINIRE&#8221;<\/strong> &#8211; Relatore: \u00a0<\/p>\n<p style=\"text-align: justify\">\u00a0<\/p>\n<p style=\"text-align: right\">Locandina<\/p>\n<p>&nbsp;<\/p>\n<p>&nbsp;<\/p>\n<p style=\"font-weight: bold\"><img fetchpriority=\"high\" decoding=\"async\" src=\"http:\/\/www.angolodellavventura.com\/angolonuovoitalia\/wp-content\/uploads\/2024\/04\/Logo-Saronno-e1713522033678-300x167.png\" alt=\"\" width=\"300\" height=\"167\" \/><\/p>\n<p><!-- \/wp:tadv\/classic-paragraph --><\/p>\n<p><!-- wp:paragraph --><\/p>\n<p>&nbsp;<\/p>\n<p><!-- \/wp:paragraph --><\/p>\t\t\t\t\t\t<\/div>\n\t\t\t\t<\/div>\n\t\t\t\t\t<\/div>\n\t\t\t\t<\/div>\n\t\t\t\t<\/div>\n\t\t","protected":false},"excerpt":{"rendered":"<p>\u00a0\u00a0\u00a0 \u00a0 &nbsp;<\/p>\n","protected":false},"author":42,"featured_media":0,"parent":0,"menu_order":0,"comment_status":"closed","ping_status":"closed","template":"","meta":{"_exactmetrics_skip_tracking":false,"_exactmetrics_sitenote_active":false,"_exactmetrics_sitenote_note":"","_exactmetrics_sitenote_category":0},"ppma_author":[45],"_links":{"self":[{"href":"https:\/\/www.angolodellavventura.com\/angolonuovoitalia\/wp-json\/wp\/v2\/pages\/822"}],"collection":[{"href":"https:\/\/www.angolodellavventura.com\/angolonuovoitalia\/wp-json\/wp\/v2\/pages"}],"about":[{"href":"https:\/\/www.angolodellavventura.com\/angolonuovoitalia\/wp-json\/wp\/v2\/types\/page"}],"author":[{"embeddable":true,"href":"https:\/\/www.angolodellavventura.com\/angolonuovoitalia\/wp-json\/wp\/v2\/users\/42"}],"replies":[{"embeddable":true,"href":"https:\/\/www.angolodellavventura.com\/angolonuovoitalia\/wp-json\/wp\/v2\/comments?post=822"}],"version-history":[{"count":123,"href":"https:\/\/www.angolodellavventura.com\/angolonuovoitalia\/wp-json\/wp\/v2\/pages\/822\/revisions"}],"predecessor-version":[{"id":31801,"href":"https:\/\/www.angolodellavventura.com\/angolonuovoitalia\/wp-json\/wp\/v2\/pages\/822\/revisions\/31801"}],"wp:attachment":[{"href":"https:\/\/www.angolodellavventura.com\/angolonuovoitalia\/wp-json\/wp\/v2\/media?parent=822"}],"wp:term":[{"taxonomy":"author","embeddable":true,"href":"https:\/\/www.angolodellavventura.com\/angolonuovoitalia\/wp-json\/wp\/v2\/ppma_author?post=822"}],"curies":[{"name":"wp","href":"https:\/\/api.w.org\/{rel}","templated":true}]}}