{"id":7848,"date":"2020-04-23T13:49:28","date_gmt":"2020-04-23T11:49:28","guid":{"rendered":"http:\/\/www.angolodellavventura.com\/angolonuovoitalia\/?page_id=7848"},"modified":"2020-05-07T16:28:10","modified_gmt":"2020-05-07T14:28:10","slug":"delfino-domenico-2","status":"publish","type":"page","link":"https:\/\/www.angolodellavventura.com\/angolonuovoitalia\/delfino-domenico-2\/","title":{"rendered":"DELFINO DOMENICO"},"content":{"rendered":"\n<p style=\"text-align: center\"><span style=\"font-size: 24pt\"><strong><span style=\"font-family: 'comic sans ms', sans-serif;color: #008000\">DELFINO DOMENICO<\/span><\/strong><\/span><\/p>\n<p>&nbsp;<\/p>\n<table style=\"border-collapse: collapse;width: 100%;height: 482px\">\n<tbody>\n<tr style=\"height: 255px\">\n<td style=\"width: 3.65595%;height: 255px\">&nbsp;<\/td>\n<td style=\"width: 36.2367%;text-align: center;height: 255px\"><img fetchpriority=\"high\" decoding=\"async\" class=\"alignnone size-medium wp-image-7870\" src=\"http:\/\/www.angolodellavventura.com\/angolonuovoitalia\/wp-content\/uploads\/2020\/04\/Domenico_Delfino-300x220.jpg\" alt=\"\" width=\"300\" height=\"220\" srcset=\"https:\/\/www.angolodellavventura.com\/angolonuovoitalia\/wp-content\/uploads\/2020\/04\/Domenico_Delfino-300x220.jpg 300w, https:\/\/www.angolodellavventura.com\/angolonuovoitalia\/wp-content\/uploads\/2020\/04\/Domenico_Delfino.jpg 624w\" sizes=\"(max-width: 300px) 100vw, 300px\" \/><\/td>\n<td style=\"width: 5.69893%;height: 255px\">&nbsp;<\/td>\n<td style=\"width: 35.4839%;text-align: left;height: 255px\">\n<p><span style=\"color: #000000\"><strong>Tel: 348 0854986<\/strong><\/span><\/p>\n<p><span style=\"color: #000000\"><strong>Mail: <a href=\"mailto:domedelf@gmail.com\">domedelf@gmail.com<\/a><\/strong><\/span><\/p>\n<p><span style=\"color: #000000\"><strong>Facebook: <a href=\"https:\/\/www.facebook.com\/domenico.delfino.351\">Domenico Delfino<\/a><\/strong><\/span><\/p>\n<p><span style=\"color: #000000\"><strong>Sito:<\/strong><\/span><\/p>\n<\/td>\n<td style=\"width: 3.44086%;height: 255px\">&nbsp;<\/td>\n<\/tr>\n<tr style=\"height: 227px\">\n<td style=\"width: 3.65595%;height: 227px\">&nbsp;<\/td>\n<td style=\"width: 36.2367%;text-align: center;height: 227px\">\n<p style=\"text-align: left\"><span style=\"color: #000000\"><strong>Mi presento:&nbsp;<\/strong><\/span><\/p>\n<p style=\"text-align: justify\"><span style=\"color: #000000\">viaggiare \u00e8 come sognare, ma non sempre al ritorno, come al risveglio, il ricordo \u00e8 cos\u00ec nitido. E&#8217; per questo che la passione per il viaggio \u00e8 per me inscindibile dall&#8217;altro grande amore: la fotografia.<\/span><\/p>\n<\/td>\n<td style=\"width: 5.69893%;height: 227px\">&nbsp;<\/td>\n<td style=\"width: 35.4839%;text-align: left;height: 227px\">\n<p><span style=\"color: #000000\"><strong>Motto:<\/strong> <\/span><\/p>\n<p style=\"text-align: justify\"><span style=\"color: #000000\">ogni viaggio lo vivi tre volte: quando lo sogni, quando lo vivi e quando lo ricordi.<\/span><\/p>\n<\/td>\n<td style=\"width: 3.44086%;height: 227px\">&nbsp;<\/td>\n<\/tr>\n<\/tbody>\n<\/table>\n\n\n\n<p>\u00a0<\/p>\n<p><span style=\"color: #000000\"><strong>VIAGGI COORDINATI:\u00a0<\/strong><\/span><\/p>\n<table style=\"border-collapse: collapse;width: 100%;height: 276px\">\n<tbody>\n<tr style=\"height: 23px\">\n<td style=\"width: 11.6129%;text-align: center;height: 23px\"><span style=\"color: #000000\"><strong>2020<\/strong><\/span><\/td>\n<td style=\"width: 88.3871%;text-align: left;height: 23px\"><span style=\"color: #000000\"><strong>\u00a0<\/strong><\/span><\/td>\n<\/tr>\n<tr style=\"height: 23px\">\n<td style=\"width: 11.6129%;text-align: center;height: 23px\"><span style=\"color: #000000\"><strong>2012<\/strong><\/span><\/td>\n<td style=\"width: 88.3871%;height: 23px;text-align: left\"><span style=\"color: #000000\"><strong>Delhi Varanasi\u00a0<\/strong><\/span><\/td>\n<\/tr>\n<tr style=\"height: 23px\">\n<td style=\"width: 11.6129%;text-align: center;height: 23px\"><span style=\"color: #000000\"><strong>2011<\/strong><\/span><\/td>\n<td style=\"width: 88.3871%;height: 23px;text-align: left\"><span style=\"color: #000000\"><strong>Tanzania Zanzibar<\/strong><\/span><\/td>\n<\/tr>\n<tr style=\"height: 23px\">\n<td style=\"width: 11.6129%;text-align: center;height: 23px\"><span style=\"color: #000000\"><strong>2010<\/strong><\/span><\/td>\n<td style=\"width: 88.3871%;height: 23px;text-align: left\"><span style=\"color: #000000\"><strong>Sri Kailash Tibet<\/strong><\/span><\/td>\n<\/tr>\n<tr style=\"height: 23px\">\n<td style=\"width: 11.6129%;text-align: center;height: 23px\"><span style=\"color: #000000\"><strong>2009<\/strong><\/span><\/td>\n<td style=\"width: 88.3871%;height: 23px;text-align: left\"><span style=\"color: #000000\"><strong>Safari Australe Ovest &#8211; Rajastan<\/strong><\/span><\/td>\n<\/tr>\n<tr style=\"height: 23px\">\n<td style=\"width: 11.6129%;text-align: center;height: 23px\"><span style=\"color: #000000\"><strong>2008<\/strong><\/span><\/td>\n<td style=\"width: 88.3871%;height: 23px;text-align: left\"><span style=\"color: #000000\"><strong>Indonesia Discovery &#8211; Deccan India<\/strong><\/span><\/td>\n<\/tr>\n<tr style=\"height: 23px\">\n<td style=\"width: 11.6129%;text-align: center;height: 23px\"><span style=\"color: #000000\"><strong>2007<\/strong><\/span><\/td>\n<td style=\"width: 88.3871%;height: 23px;text-align: left\"><span style=\"color: #000000\"><strong>Namibia Breve &#8211; New York Express<\/strong><\/span><\/td>\n<\/tr>\n<tr style=\"height: 23px\">\n<td style=\"width: 11.6129%;text-align: center;height: 23px\"><span style=\"color: #000000\"><strong>2006<\/strong><\/span><\/td>\n<td style=\"width: 88.3871%;height: 23px;text-align: left\"><span style=\"color: #000000\"><strong>Argentina Bolivia Cile &#8211; Tadmor Siria<\/strong><\/span><\/td>\n<\/tr>\n<tr style=\"height: 23px\">\n<td style=\"width: 11.6129%;text-align: center;height: 23px\"><span style=\"color: #000000\"><strong>2005<\/strong><\/span><\/td>\n<td style=\"width: 88.3871%;height: 23px;text-align: left\"><span style=\"color: #000000\"><strong>Ladakh &#8211; Lisboa Antigua<\/strong><\/span><\/td>\n<\/tr>\n<tr style=\"height: 23px\">\n<td style=\"width: 11.6129%;text-align: center;height: 23px\"><span style=\"color: #000000\"><strong>2004<\/strong><\/span><\/td>\n<td style=\"width: 88.3871%;height: 23px;text-align: left\"><span style=\"color: #000000\"><strong>Indocina &#8211; Yemen Nord Sud<\/strong><\/span><\/td>\n<\/tr>\n<tr style=\"height: 23px\">\n<td style=\"width: 11.6129%;text-align: center;height: 23px\"><span style=\"color: #000000\"><strong>2003<\/strong><\/span><\/td>\n<td style=\"width: 88.3871%;height: 23px;text-align: left\"><span style=\"color: #000000\"><strong>Per\u00f9 Breve &#8211; Marrakesh Express<\/strong><\/span><\/td>\n<\/tr>\n<tr style=\"height: 23px\">\n<td style=\"width: 11.6129%;text-align: center;height: 23px\"><span style=\"color: #000000\"><strong>2002<\/strong><\/span><\/td>\n<td style=\"width: 88.3871%;text-align: left;height: 23px\"><span style=\"color: #000000\"><strong>Sudafrica<\/strong><\/span><\/td>\n<\/tr>\n<\/tbody>\n<\/table>\n<p>\u00a0<\/p>\n<p><span style=\"color: #000000\"><strong>VIAGGI DA PARTECIPANTE:<\/strong><\/span><\/p>\n<table style=\"border-collapse: collapse;width: 100%\">\n<tbody>\n<tr>\n<td style=\"width: 11.6129%;text-align: center\"><span style=\"color: #000000\"><strong>2001<\/strong><\/span><\/td>\n<td style=\"width: 88.3871%\"><span style=\"color: #000000\"><strong>Thai Discovery<\/strong><\/span><\/td>\n<\/tr>\n<tr>\n<td style=\"width: 11.6129%;text-align: center\"><span style=\"color: #000000\"><strong>1999<\/strong><\/span><\/td>\n<td style=\"width: 88.3871%\"><span style=\"color: #000000\"><strong>Tuttonepal<\/strong><\/span><\/td>\n<\/tr>\n<\/tbody>\n<\/table>\n<p>\u00a0<\/p>\n","protected":false},"excerpt":{"rendered":"","protected":false},"author":63,"featured_media":0,"parent":0,"menu_order":0,"comment_status":"closed","ping_status":"closed","template":"","meta":{"_exactmetrics_skip_tracking":false,"_exactmetrics_sitenote_active":false,"_exactmetrics_sitenote_note":"","_exactmetrics_sitenote_category":0},"ppma_author":[66],"_links":{"self":[{"href":"https:\/\/www.angolodellavventura.com\/angolonuovoitalia\/wp-json\/wp\/v2\/pages\/7848"}],"collection":[{"href":"https:\/\/www.angolodellavventura.com\/angolonuovoitalia\/wp-json\/wp\/v2\/pages"}],"about":[{"href":"https:\/\/www.angolodellavventura.com\/angolonuovoitalia\/wp-json\/wp\/v2\/types\/page"}],"author":[{"embeddable":true,"href":"https:\/\/www.angolodellavventura.com\/angolonuovoitalia\/wp-json\/wp\/v2\/users\/63"}],"replies":[{"embeddable":true,"href":"https:\/\/www.angolodellavventura.com\/angolonuovoitalia\/wp-json\/wp\/v2\/comments?post=7848"}],"version-history":[{"count":0,"href":"https:\/\/www.angolodellavventura.com\/angolonuovoitalia\/wp-json\/wp\/v2\/pages\/7848\/revisions"}],"wp:attachment":[{"href":"https:\/\/www.angolodellavventura.com\/angolonuovoitalia\/wp-json\/wp\/v2\/media?parent=7848"}],"wp:term":[{"taxonomy":"author","embeddable":true,"href":"https:\/\/www.angolodellavventura.com\/angolonuovoitalia\/wp-json\/wp\/v2\/ppma_author?post=7848"}],"curies":[{"name":"wp","href":"https:\/\/api.w.org\/{rel}","templated":true}]}}