{"id":7757,"date":"2020-04-23T17:14:34","date_gmt":"2020-04-23T15:14:34","guid":{"rendered":"http:\/\/www.angolodellavventura.com\/angolonuovoitalia\/?page_id=7757"},"modified":"2020-05-13T19:20:01","modified_gmt":"2020-05-13T17:20:01","slug":"giulio-bottone","status":"publish","type":"page","link":"https:\/\/www.angolodellavventura.com\/angolonuovoitalia\/giulio-bottone\/","title":{"rendered":"Giulio Bottone"},"content":{"rendered":"\n<p style=\"text-align: right\"><a class=\"ctsc-button ctsc-button-small ctsc-button-none \" href=\"http:\/\/www.angolodellavventura.com\/angolonuovoitalia\/reggio-emilia-home\/\" style=\" background:#369d03;\n\t\t\t\tbackground:-moz-linear-gradient(top, #369d03 0%, #444444 100%);\n\t\t\t\tbackground:-webkit-linear-gradient(top, #369d03 0%, #444444 100%); \n\t\t\t\tbackground:linear-gradient(to bottom, #369d03 0%, #444444 100%);\n\t\t\t\tfilter:progid:DXImageTransform.Microsoft.gradient(startColorstr='#369d03', endColorstr='#444444',GradientType=0);\"><span class=\"ctsc-button-content\"><span class=\"ctsc-button-text\">HOME <\/span><\/span><\/a>&nbsp;&nbsp;<a class=\"ctsc-button ctsc-button-small ctsc-button-none \" href=\"http:\/\/www.angolodellavventura.com\/angolonuovoitalia\/reggio-emilia-coordinatori\/\" style=\" background:#369d03;\n\t\t\t\tbackground:-moz-linear-gradient(top, #369d03 0%, #444444 100%);\n\t\t\t\tbackground:-webkit-linear-gradient(top, #369d03 0%, #444444 100%); \n\t\t\t\tbackground:linear-gradient(to bottom, #369d03 0%, #444444 100%);\n\t\t\t\tfilter:progid:DXImageTransform.Microsoft.gradient(startColorstr='#369d03', endColorstr='#444444',GradientType=0);\"><span class=\"ctsc-button-content\"><span class=\"ctsc-button-text\">COORDINATORI <\/span><\/span><\/a>\n\n\n<p class=\"has-large-font-size\" style=\"text-align: center\"><span style=\"font-size: 36pt;font-family: helvetica, arial, sans-serif;color: #000000\"><strong>Giulio Bottone<\/strong><\/span><\/p>\n\n\n<p><span style=\"color: #000000;font-size: 14pt\"><strong>COMITATO DI GESTIONE &#8211; <span style=\"color: #000000\">Family (Moderatore), Serate, Spedizioni-trek , Sito web<\/span><\/strong><\/span><\/p>\n\n\n\n<table style=\"border-collapse: collapse;width: 98.4946%;height: 293px\">\n<tbody>\n<tr style=\"height: 340px\">\n<td style=\"width: 36.7742%;height: 293px\"><img fetchpriority=\"high\" decoding=\"async\" class=\"size-medium wp-image-8355 aligncenter\" src=\"http:\/\/www.angolodellavventura.com\/angolonuovoitalia\/wp-content\/uploads\/2020\/04\/Bottone-300x285.jpg\" alt=\"\" width=\"300\" height=\"285\" srcset=\"https:\/\/www.angolodellavventura.com\/angolonuovoitalia\/wp-content\/uploads\/2020\/04\/Bottone-300x285.jpg 300w, https:\/\/www.angolodellavventura.com\/angolonuovoitalia\/wp-content\/uploads\/2020\/04\/Bottone-768x730.jpg 768w, https:\/\/www.angolodellavventura.com\/angolonuovoitalia\/wp-content\/uploads\/2020\/04\/Bottone.jpg 1024w\" sizes=\"(max-width: 300px) 100vw, 300px\" \/><\/td>\n<td style=\"width: 83.3665%;height: 293px\">\n<p>\u00a0<\/p>\n<p style=\"text-align: left\"><span style=\"color: #000000;font-size: 14pt\">Cell\/WA : <strong>347-4282165<\/strong><br \/><\/span><\/p>\n<p style=\"text-align: left\"><span style=\"color: #000000;font-size: 14pt\">Mail : <strong><a href=\"mailto:iceman@email.it\"> iceman@email.it<\/a> <br \/><\/strong><\/span><\/p>\n<p style=\"text-align: left\"><span style=\"color: #000000;font-size: 14pt\">Facebook : <a href=\"https:\/\/www.facebook.com\/giulio.bottone.5\"><strong>Giulio Bottone<\/strong><\/a><\/span><\/p>\n<p style=\"text-align: left\">\u00a0<\/p>\n<\/td>\n<\/tr>\n<\/tbody>\n<\/table>\n\n\n\n<div class=\"is-layout-flow wp-block-group\"><div class=\"wp-block-group__inner-container\">\n<p class=\"has-background has-very-light-gray-background-color\"><strong>Presentazione&nbsp; &nbsp;<\/strong><\/p>\n\n\n\n<p><span style=\"color: #000000\">Avvocato, appassionato di viaggi ed avventure, triatleta, ironman e maratoneta, la sua attivit\u00e0 del tempo libero \u00e8 l&#8217;alpinismo d&#8217;alta quota. E&#8217; coordinatore AnM dal 2003. Ha al suo attivo diverse spedizioni alpinistiche sulle vette pi\u00f9 alte di ogni continente, un 8.000 (Shisha Pangma) in Cina ed \u00e8 finisher al Tor de Geants. Si \u00e8 specializzato nei viaggi Family.<\/span><\/p>\n<\/div><\/div>\n\n\n\n<p class=\"has-background has-very-light-gray-background-color\"><strong>Motto<\/strong><\/p>\n\n\n\n<p>&#8220;Cercasi uomini per viaggio rischioso. Paga bassa, freddo glaciale, lunghe ore di completa oscurit\u00e0. Incolumit\u00e0 e ritorno incerti&#8221; (Sir Ernest Shackleton, 1914)<\/p>\n","protected":false},"excerpt":{"rendered":"<p>Giulio Bottone Presentazione&nbsp; &nbsp; Motto<\/p>\n","protected":false},"author":76,"featured_media":0,"parent":0,"menu_order":0,"comment_status":"closed","ping_status":"closed","template":"","meta":{"_exactmetrics_skip_tracking":false,"_exactmetrics_sitenote_active":false,"_exactmetrics_sitenote_note":"","_exactmetrics_sitenote_category":0},"ppma_author":[79],"_links":{"self":[{"href":"https:\/\/www.angolodellavventura.com\/angolonuovoitalia\/wp-json\/wp\/v2\/pages\/7757"}],"collection":[{"href":"https:\/\/www.angolodellavventura.com\/angolonuovoitalia\/wp-json\/wp\/v2\/pages"}],"about":[{"href":"https:\/\/www.angolodellavventura.com\/angolonuovoitalia\/wp-json\/wp\/v2\/types\/page"}],"author":[{"embeddable":true,"href":"https:\/\/www.angolodellavventura.com\/angolonuovoitalia\/wp-json\/wp\/v2\/users\/76"}],"replies":[{"embeddable":true,"href":"https:\/\/www.angolodellavventura.com\/angolonuovoitalia\/wp-json\/wp\/v2\/comments?post=7757"}],"version-history":[{"count":0,"href":"https:\/\/www.angolodellavventura.com\/angolonuovoitalia\/wp-json\/wp\/v2\/pages\/7757\/revisions"}],"wp:attachment":[{"href":"https:\/\/www.angolodellavventura.com\/angolonuovoitalia\/wp-json\/wp\/v2\/media?parent=7757"}],"wp:term":[{"taxonomy":"author","embeddable":true,"href":"https:\/\/www.angolodellavventura.com\/angolonuovoitalia\/wp-json\/wp\/v2\/ppma_author?post=7757"}],"curies":[{"name":"wp","href":"https:\/\/api.w.org\/{rel}","templated":true}]}}