{"id":6883,"date":"2020-04-09T21:04:17","date_gmt":"2020-04-09T19:04:17","guid":{"rendered":"http:\/\/www.angolodellavventura.com\/angolonuovoitalia\/?page_id=6883"},"modified":"2020-07-10T15:26:25","modified_gmt":"2020-07-10T13:26:25","slug":"1983-turismo-o","status":"publish","type":"page","link":"https:\/\/www.angolodellavventura.com\/angolonuovoitalia\/1983-turismo-o\/","title":{"rendered":"1983 Turismo o&#8230;"},"content":{"rendered":"\n<p style=\"text-align: center\"><span style=\"color: #008000;font-size: 24pt\"><em><strong>Turismo o corruzione?<\/strong><\/em><\/span><\/p>\n<h2 style=\"text-align: justify\"><span style=\"font-size: 14pt\"><strong><span style=\"color: #000000\">Estate 1980 &#8211; Bali<\/span><\/strong><\/span><\/h2>\n<p style=\"text-align: justify\"><span style=\"color: #000000\">Fanno spettacolo: le Vikinghe australiane alte, rosse, imponenti, seguite dal cagnolino locale. solo che il cagnolino \u00e8 un giovane balinese, piccolo e magro, che segue docilmente la sua \u201dsignora&#8221; pronto a soddisfare i suoi pi\u00f9 ovvi desideri. C&#8217;\u00e8\u00a0 pure, ovviamente, il fenomeno inverso, ma questo quasi neppure lo notiamo, tanto \u00e8 scontata,\u00a0 per la nostra cultura, la docilit\u00e0 e arrendevolezza delle donne indocinesi.<\/span><\/p>\n<h2 style=\"text-align: justify\"><span style=\"font-size: 14pt\"><strong><span style=\"color: #000000\">Natale 1980 &#8211; Sri Lanka<\/span><\/strong><\/span><\/h2>\n<p style=\"text-align: justify\"><span style=\"color: #000000\">&#8220;Do you like me, Sir?\u201c\u00a0 Il ritornello ti accompagna in tutte le zone eleganti di Colombo: ragazzini -direi quasi bambini- si offrono spudoratamente per una manciata di rupie e il prode civilizzatore europeo sembra apprezzare moltissimo, tanto che il governo di Sri Lanka si \u00e8 finalmente deciso ad intervenire. Solo che l&#8217;ha fatto dalla parte sbagliata: invece di sbattere dentro, o fuori dal paese, i mucchi di pervertiti europei in cerca di malsane emozioni, minaccia fuoco e fiamme contro i ragazzini, la maggior parte dei quali sono spinti a tale triste commercio di se dalla fame.<\/span><\/p>\n<h2 style=\"text-align: justify\"><span style=\"font-size: 14pt\"><strong><span style=\"color: #000000\">Natale 1981 &#8211; costa del Kenia<\/span><\/strong><\/span><\/h2>\n<p style=\"text-align: justify\"><span style=\"color: #000000\">Le somale vengono a \u201cfare la stagione\u201c invernale, ma le locali non sono da meno ed il mercato della prostituzione \u00e8 fiorentissimo. Il <\/span><span style=\"color: #000000\">grave \u00e8 che molte agenzie turistiche europee tendono a dare una pubblicit\u00e0 strisciante a questo, diciamo cosi, aspetto delle vacanze al mare, abilmente sfruttando i fantasmi erotici che da sempre &#8220;le negre\u201d risvegliano in noi bianchi.\u00a0 Il risultato, anche qui, \u00e8 una generale corruzione e il dilagare delle malattie veneree.<\/span><\/p>\n<h2 style=\"text-align: justify\"><span style=\"font-size: 14pt\"><strong><span style=\"color: #000000\">Estate 1983 &#8211; Thailandia<\/span><\/strong><\/span><\/h2>\n<p style=\"text-align: justify\"><span style=\"color: #000000\">Gli spettacoli porno di Bangkok non fanno pi\u00f9 notizia, cosi come rientrano nella normalit\u00e0 le 80 000 giovanissime prostitute della citt\u00e0. Nessuno ormai si chiede pi\u00f9 perch\u00e8 le giovani contadine dell&#8217;Est del Paese vengano a fare la vita nella capitale: sono belle, gentili, brave e tanto basta. Ma forse fanno ancora un p\u00f2 impressione le ragazzine \u201daffittate&#8221; per lunghi periodi di vacanze al mare: docili strumenti sessuali nelle tue mani per tutto il tempo che vuoi e quanti italiani &#8230; latin lover dove sei?\u00a0 O<\/span><span style=\"color: #000000\"> magari sono pi\u00f9 pesanti da sopportare i ragazzi &#8220;noleggiati\u201c dai finocchi europei, sempre per le ferie al mare: quanti ne ho visto, mano nella mano, sulle spiagge ed anche qui, quanti italiani &#8230;. <\/span><\/p>\n<p style=\"text-align: justify\"><span style=\"color: #000000\">Basta, mi sembra di sentire il coro: ma noi siamo di Avventure nel Mondo, noi siamo diversi &#8230; certo o, almeno, pu\u00f2 darsi, ma in <\/span><span style=\"color: #000000\">realt\u00e0 siamo pure noi corresponsabili di questo stato di cose. Siamo pure noi parte integrante della sezione \u201ccorruttori\u201d, esportatori di una mentalit\u00e0 aggressiva, annoiata, disincantata, ch<\/span><span style=\"color: #000000\">e ha facilmente ragione della semplicit\u00e0, arrendevolezza e soprattutto miseria di quei popoli. Anche se non andiamo personalmente per finocchi o ragazzine o pi\u00f9 semplicemente per battone, contribuiamo con la nostra presenza ricca, sfacciatamente consumista, prevaricatrice per il solo fatto di essere l\u00e0, a creare il substrato su cui poi fatalmente si innesta la spirale della corruzione. Mi <\/span><span style=\"color: #000000\">spiego con un esempio banale: se alla povera gente di un villaggio orientale facciamo ostentazione di spreco, gettando via contenitori vuoti, sprecando e dando ai maiali il cibo, cambiando vestito due volte durante poche ore di permanenza, ostentando orologi, occhiali da sole e simili, \u00e8 ovvio che i medesimi tendano ad imitarci. Le condizioni economiche del loro paese non possono per\u00f2 ancora permettere un &#8220;consumismo di spreco&#8221; al nostro livello ed ecco allora la ricerca delle scorciatoie pi\u00f9 strane per by-passare lo sviluppo ed arrivare subito allo spreco ed una delle scorciatoie pi\u00f9 banali \u00e8 la corruzione ed il commercio sessuale. <\/span><span style=\"color: #000000\">Prova ne sia che nella povera ma ancora &#8220;incorrotta&#8221; Birmania, una splendida ragazza, all&#8217;apparenza benestante, con il suo poco inglese \u201dyou &#8230; me &#8230; love &#8230; money&#8221; si offriva tranquillamente per poter accumulare dollari ed espatriare in Thailandia, invidiato paradiso del consumismo occidentale.\u00a0 <\/span><\/p>\n<p style=\"text-align: justify\"><span style=\"color: #000000\">Rimedi?\u00a0 Ho paura<\/span><span style=\"color: #000000\"> che non ce ne siano, a meno di cambiare radicalmente il nostro approccio con quella gente, il che implica cambiare il nostro stesso modo di vivere, oppure di &#8230; non andarci per niente, ma in entrambi i casi \u00e8 fantascienza.<\/span><\/p>\n<p style=\"text-align: right\"><a href=\"http:\/\/www.angolodellavventura.com\/angolonuovoitalia\/traverso-maurizio\/\">Maurizio Traverso<\/a><\/p>\n","protected":false},"excerpt":{"rendered":"","protected":false},"author":60,"featured_media":0,"parent":0,"menu_order":0,"comment_status":"closed","ping_status":"closed","template":"","meta":{"_exactmetrics_skip_tracking":false,"_exactmetrics_sitenote_active":false,"_exactmetrics_sitenote_note":"","_exactmetrics_sitenote_category":0},"ppma_author":[283],"_links":{"self":[{"href":"https:\/\/www.angolodellavventura.com\/angolonuovoitalia\/wp-json\/wp\/v2\/pages\/6883"}],"collection":[{"href":"https:\/\/www.angolodellavventura.com\/angolonuovoitalia\/wp-json\/wp\/v2\/pages"}],"about":[{"href":"https:\/\/www.angolodellavventura.com\/angolonuovoitalia\/wp-json\/wp\/v2\/types\/page"}],"author":[{"embeddable":true,"href":"https:\/\/www.angolodellavventura.com\/angolonuovoitalia\/wp-json\/wp\/v2\/users\/60"}],"replies":[{"embeddable":true,"href":"https:\/\/www.angolodellavventura.com\/angolonuovoitalia\/wp-json\/wp\/v2\/comments?post=6883"}],"version-history":[{"count":0,"href":"https:\/\/www.angolodellavventura.com\/angolonuovoitalia\/wp-json\/wp\/v2\/pages\/6883\/revisions"}],"wp:attachment":[{"href":"https:\/\/www.angolodellavventura.com\/angolonuovoitalia\/wp-json\/wp\/v2\/media?parent=6883"}],"wp:term":[{"taxonomy":"author","embeddable":true,"href":"https:\/\/www.angolodellavventura.com\/angolonuovoitalia\/wp-json\/wp\/v2\/ppma_author?post=6883"}],"curies":[{"name":"wp","href":"https:\/\/api.w.org\/{rel}","templated":true}]}}