{"id":6776,"date":"2020-04-08T11:38:22","date_gmt":"2020-04-08T09:38:22","guid":{"rendered":"http:\/\/www.angolodellavventura.com\/angolonuovoitalia\/?page_id=6776"},"modified":"2024-12-09T19:13:51","modified_gmt":"2024-12-09T18:13:51","slug":"1995-lavventura","status":"publish","type":"page","link":"https:\/\/www.angolodellavventura.com\/angolonuovoitalia\/1995-lavventura\/","title":{"rendered":"1985 L&#8217;Avventura"},"content":{"rendered":"\t\t<div data-elementor-type=\"wp-page\" data-elementor-id=\"6776\" class=\"elementor elementor-6776\">\n\t\t\t\t<div class=\"elementor-element elementor-element-26d0fc84 e-flex e-con-boxed wpr-particle-no wpr-jarallax-no wpr-parallax-no wpr-sticky-section-no e-con e-parent\" data-id=\"26d0fc84\" data-element_type=\"container\">\n\t\t\t\t\t<div class=\"e-con-inner\">\n\t\t\t\t<div class=\"elementor-element elementor-element-7d75e2f1 elementor-widget elementor-widget-text-editor\" data-id=\"7d75e2f1\" data-element_type=\"widget\" data-widget_type=\"text-editor.default\">\n\t\t\t\t<div class=\"elementor-widget-container\">\n\t\t\t<style>\/*! elementor - v3.22.0 - 26-06-2024 *\/\n.elementor-widget-text-editor.elementor-drop-cap-view-stacked .elementor-drop-cap{background-color:#69727d;color:#fff}.elementor-widget-text-editor.elementor-drop-cap-view-framed .elementor-drop-cap{color:#69727d;border:3px solid;background-color:transparent}.elementor-widget-text-editor:not(.elementor-drop-cap-view-default) .elementor-drop-cap{margin-top:8px}.elementor-widget-text-editor:not(.elementor-drop-cap-view-default) .elementor-drop-cap-letter{width:1em;height:1em}.elementor-widget-text-editor .elementor-drop-cap{float:left;text-align:center;line-height:1;font-size:50px}.elementor-widget-text-editor .elementor-drop-cap-letter{display:inline-block}<\/style>\t\t\t\t<!-- wp:tadv\/classic-paragraph -->\n<p style=\"text-align: center\"><span style=\"color: #008000;font-size: 24pt\"><em><strong>L&#8217;Avventura \u00e8 l&#8217;Avventura<\/strong><\/em><\/span><\/p>\n<p style=\"text-align: justify\"><span style=\"font-size: 14pt;color: #000000\"><strong>Venerd\u00ec 20 Dicembre<\/strong><\/span><\/p>\n<p style=\"text-align: justify\"><span style=\"color: #000000\">Ore 18: malgrado le mie insistenti richieste la Traco asserisce di non aver alcun plico di AnM da consegnarmi: sto aspettando i biglietti aerei e\u00a0 parto il pomeriggio del\u00a0 21 &#8230;<\/span><\/p>\n<p style=\"text-align: justify\"><span style=\"font-size: 14pt;color: #000000\"><strong>Sabato 21<\/strong><\/span><\/p>\n<p style=\"text-align: justify\"><span style=\"color: #000000\"><strong>Ore 9<\/strong>: pianto un casino per telefono e finalmente alla Traco trovano il plico di AnN finito -chiss\u00e0 come-\u00a0 tra gli omaggi natalizi da consegnare dopo le vacanze &#8230; e me lo devo andare a ritirare, dalla altra parte di una citt\u00e0 intasata dal traffico prenatalizio.<\/span><\/p>\n<p style=\"text-align: justify\"><span style=\"color: #000000\"><strong>Ore 12<\/strong>: apro immediatamente la busta, esamino i biglietti e trovo che io\u00a0 Giuliana ed altri due siamo RQ per una tratta intermedia, con coincidenze strettissime. Italo, interpellato per telefono, cade dalle nuvole, Vittorio, aggredito dall&#8217;incazzatissima Giuliana,\u00a0 assicura che si aggiuster\u00e0 tutto &#8230;<\/span><\/p>\n<p style=\"text-align: justify\"><span style=\"color: #000000\"><strong>Ore 21<\/strong>: all&#8217;aeroporto della Malpensa, annegato nella nebbia, il direttore della Viasa ci toglie, garbatamente, ogni speranza di trovare il posto nella tratta RQ; decidiamo comunque di partire lo stesso ma, sorpresa!, noi soliti quattro risultiamo in overbooking per cui non dovremmo neppure partire da Milano. Non facciamo a tempo a piantare un doveroso putiferio che il volo viene cancellato per nebbia. Tutti a nanna all&#8217;Hilton e poche speranze per il futuro.<\/span><\/p>\n<p style=\"text-align: justify\"><span style=\"font-size: 14pt;color: #000000\"><strong>Domenica 22<\/strong><\/span><\/p>\n<p style=\"text-align: justify\"><span style=\"color: #000000\"><strong>Ore 10<\/strong>: Paolo fa il miracolo; via Londra e New York dovremmo arrivare a Quito due ore prima del previsto.<\/span><\/p>\n<p style=\"text-align: justify\"><span style=\"color: #000000\"><strong>Ore 15<\/strong>: Linate \u00e8 sempre avvolto nella nebbia ed il volo per Londra molto in forse.<\/span><\/p>\n<p style=\"text-align: justify\"><span style=\"color: #000000\"><strong>Ore 16<\/strong>: la nebbia si alza, dai che ce la facciamo ad arrivare a Londra per la coincidenza con la British Airways &#8230; troppo bello!\u00a0 un&#8217;anziana passeggera si \u00e8 persa per l&#8217;aeroporto e dobbiamo aspettare che 1a ritrovino.<\/span><\/p>\n<p style=\"text-align: justify\"><span style=\"color: #000000\"><strong>Ore 17<\/strong>: con poche speranze chiediamo alla hostess di far mandare un messaggio alla B.A. pregandola di aspettarci ed il miracolo (due in un giorno!) si realizza: con efficientissima organizzazione veniamo prelevati dalla scaletta e catapultati sul Jumbo in attesa. E&#8217; fatta!!<\/span><\/p>\n<p style=\"text-align: justify\"><span style=\"color: #000000\"><strong>Ore 24<\/strong>: siamo a New York. Dobbiamo ritirare i bagagli per trasferirci\u00a0 di terminal, ma a quattro -non i soliti per\u00f2- non arriva nulla. Momenti di sconforto: cosa facciamo senza la minima attrezzatura da montagna?\u00a0 Poi rapida denuncia alla\u00a0 B.A., che ci assicura l&#8217;invio del bagaglio a Quito con il volo seguente, e l&#8217;incasinato imbarco sul DC10\u00a0 dell&#8217;Equatoriana.<\/span><\/p>\n<p style=\"text-align: justify\"><span style=\"font-size: 14pt;color: #000000\"><strong>Marted\u00ec 24<\/strong><\/span><\/p>\n<p style=\"text-align: justify\"><span style=\"color: #000000\"><strong>Ore 11, Quito<\/strong>: normalmente non tengo mai i biglietti dei partecipanti, ma ora sto tornando dalla conferma alla Viasa ed i biglietti sono nella borsa di Giuliana. Nell&#8217;attraversare il mercato zac, taglio della borsa, e sparizione del biglietti. Do in escandescenze, realizzando l\u00ec per l\u00ec una spettacolosa sceneggiata. a base di urla, pianti , testate per terra e promesse di ricompensa: in cinque minuti i biglietti ricompaiono e 1000 Sucres cambiano proprietario.<\/span><\/p>\n<p style=\"text-align: justify\"><span style=\"font-size: 14pt;color: #000000\"><strong>Gioved\u00ec 26<\/strong><\/span><\/p>\n<p style=\"text-align: justify\"><span style=\"color: #000000\"><strong>Ore 9<\/strong>: in quattro siamo all&#8217;aeroporto, corrosi dall&#8217;ansia: arriveranno i bagagli ?\u00a0 Spasmodica attesa, poi una sacca blu con l&#8217;enorme scritta TINARELLI RENZO ci preannuncia la consegna di tutto.\u00a0 Gianni per\u00f2 non ha retto alla tensione di questi giorni, \u00e9 letteralmente distrutto e non si riprender\u00e0 pi\u00f9.<\/span><\/p>\n<p style=\"text-align: justify\"><span style=\"color: #000000\"><strong>Ore 16<\/strong>: la Saeta rifiuta categoricamente di riconoscere i biglietti per la tratta Guayaquil-Quito emessi dalla Viasa e ci tocca ricomprarli in blocco: per fortuna costano veramente poco.<\/span><\/p>\n<p style=\"text-align: justify\"><span style=\"font-size: 14pt;color: #000000\"><strong>Sabato 4 Gennaio<\/strong><\/span><\/p>\n<p style=\"text-align: justify\"><span style=\"color: #000000\"><strong>Ore 9.30<\/strong>: mentre all&#8217;aeroporto di Guayaquil facciamo il check per le Galapagos, mi viene l&#8217;idea di far controllare la nostra prenotazione per il ritorno a Quito dall&#8217;addetto Saeta: la sciagurata impiegata di Quito\u00a0 ha incrociato numero di volo e data di partenza, per cui non risultiamo prenotati da nessuna parte! Rapido intervento riparatore, ma resta la domanda: chi mi ha illuminato?<\/span><\/p>\n<p style=\"text-align: justify\"><span style=\"font-size: 14pt;color: #000000\"><strong>Sabato 12<\/strong><\/span><\/p>\n<p style=\"text-align: justify\"><span style=\"color: #000000\"><strong>Ore 9, Guayaquil<\/strong>: inizia la lunga trafila del ritorno che, senza alcun patema, si concluder\u00e0 il 14 pomeriggio a Milano.<\/span><\/p>\n<p style=\"text-align: justify\"><span style=\"color: #000000\">Fine dell&#8217;Avventura.<\/span><\/p>\n<p>\u00a0<\/p>\n<p style=\"text-align: justify\"><span style=\"color: #000000\">Ma i monti?\u00a0 \u00a0-mi direte- le scalate al Cotopaxi ed al Chimborazo?\u00a0 La\u00a0 settimana alle leggendarie Galapagos?\u00a0 Beh, non fanno notizia, sono stati gli unici momenti di pace e relax del viaggio &#8230;<\/span><\/p>\n<p style=\"text-align: right\"><strong><a href=\"http:\/\/www.angolodellavventura.com\/angolonuovoitalia\/traverso-maurizio\/\">Maurizio Traverso<\/a><\/strong><\/p>\n<!-- \/wp:tadv\/classic-paragraph -->\t\t\t\t\t\t<\/div>\n\t\t\t\t<\/div>\n\t\t\t\t\t<\/div>\n\t\t\t\t<\/div>\n\t\t\t\t<\/div>\n\t\t","protected":false},"excerpt":{"rendered":"","protected":false},"author":60,"featured_media":0,"parent":0,"menu_order":0,"comment_status":"closed","ping_status":"closed","template":"","meta":{"_exactmetrics_skip_tracking":false,"_exactmetrics_sitenote_active":false,"_exactmetrics_sitenote_note":"","_exactmetrics_sitenote_category":0},"ppma_author":[283],"_links":{"self":[{"href":"https:\/\/www.angolodellavventura.com\/angolonuovoitalia\/wp-json\/wp\/v2\/pages\/6776"}],"collection":[{"href":"https:\/\/www.angolodellavventura.com\/angolonuovoitalia\/wp-json\/wp\/v2\/pages"}],"about":[{"href":"https:\/\/www.angolodellavventura.com\/angolonuovoitalia\/wp-json\/wp\/v2\/types\/page"}],"author":[{"embeddable":true,"href":"https:\/\/www.angolodellavventura.com\/angolonuovoitalia\/wp-json\/wp\/v2\/users\/60"}],"replies":[{"embeddable":true,"href":"https:\/\/www.angolodellavventura.com\/angolonuovoitalia\/wp-json\/wp\/v2\/comments?post=6776"}],"version-history":[{"count":6,"href":"https:\/\/www.angolodellavventura.com\/angolonuovoitalia\/wp-json\/wp\/v2\/pages\/6776\/revisions"}],"predecessor-version":[{"id":26758,"href":"https:\/\/www.angolodellavventura.com\/angolonuovoitalia\/wp-json\/wp\/v2\/pages\/6776\/revisions\/26758"}],"wp:attachment":[{"href":"https:\/\/www.angolodellavventura.com\/angolonuovoitalia\/wp-json\/wp\/v2\/media?parent=6776"}],"wp:term":[{"taxonomy":"author","embeddable":true,"href":"https:\/\/www.angolodellavventura.com\/angolonuovoitalia\/wp-json\/wp\/v2\/ppma_author?post=6776"}],"curies":[{"name":"wp","href":"https:\/\/api.w.org\/{rel}","templated":true}]}}