{"id":5330,"date":"2020-03-07T09:22:37","date_gmt":"2020-03-07T08:22:37","guid":{"rendered":"http:\/\/www.angolodellavventura.com\/angolonuovoitalia\/?page_id=5330"},"modified":"2026-02-07T09:35:55","modified_gmt":"2026-02-07T08:35:55","slug":"summa-federica","status":"publish","type":"page","link":"https:\/\/www.angolodellavventura.com\/angolonuovoitalia\/summa-federica\/","title":{"rendered":"SUMMA FEDERICA"},"content":{"rendered":"\t\t<div data-elementor-type=\"wp-page\" data-elementor-id=\"5330\" class=\"elementor elementor-5330\">\n\t\t\t\t<div class=\"elementor-element elementor-element-cc85ce9 e-flex e-con-boxed wpr-particle-no wpr-jarallax-no wpr-parallax-no wpr-sticky-section-no e-con e-parent\" data-id=\"cc85ce9\" data-element_type=\"container\">\n\t\t\t\t\t<div class=\"e-con-inner\">\n\t\t\t\t<div class=\"elementor-element elementor-element-40fc18fd elementor-widget elementor-widget-text-editor\" data-id=\"40fc18fd\" data-element_type=\"widget\" data-widget_type=\"text-editor.default\">\n\t\t\t\t<div class=\"elementor-widget-container\">\n\t\t\t<style>\/*! elementor - v3.22.0 - 26-06-2024 *\/\n.elementor-widget-text-editor.elementor-drop-cap-view-stacked .elementor-drop-cap{background-color:#69727d;color:#fff}.elementor-widget-text-editor.elementor-drop-cap-view-framed .elementor-drop-cap{color:#69727d;border:3px solid;background-color:transparent}.elementor-widget-text-editor:not(.elementor-drop-cap-view-default) .elementor-drop-cap{margin-top:8px}.elementor-widget-text-editor:not(.elementor-drop-cap-view-default) .elementor-drop-cap-letter{width:1em;height:1em}.elementor-widget-text-editor .elementor-drop-cap{float:left;text-align:center;line-height:1;font-size:50px}.elementor-widget-text-editor .elementor-drop-cap-letter{display:inline-block}<\/style>\t\t\t\t<p><!-- wp:tadv\/classic-paragraph --><\/p>\n<p style=\"text-align: center\"><span style=\"color: #008000\"><strong><span style=\"font-size: 24pt;font-family: 'comic sans ms', sans-serif\">SUMMA FEDERICA<\/span><\/strong><\/span><\/p>\n<p><!-- \/wp:tadv\/classic-paragraph --><!-- wp:tadv\/classic-paragraph \/--><\/p>\n<p><strong><span style=\"font-size: 18pt;color: #000000\">COMITATO DI GESTIONE\u00a0<\/span><\/strong><\/p>\n<p><!-- wp:tadv\/classic-paragraph --><\/p>\n<table style=\"border-collapse: collapse;width: 100%;height: 667px\">\n<tbody>\n<tr style=\"height: 311px\">\n<td style=\"width: 4.40856%;text-align: center;height: 356px\">\u00a0<\/td>\n<td style=\"width: 46.1291%;text-align: center;height: 356px\"><img fetchpriority=\"high\" decoding=\"async\" class=\" wp-image-5332 aligncenter\" src=\"http:\/\/www.angolodellavventura.com\/angolonuovoitalia\/wp-content\/uploads\/2020\/03\/Summa_Federica-300x293.png\" alt=\"\" width=\"307\" height=\"300\" srcset=\"https:\/\/www.angolodellavventura.com\/angolonuovoitalia\/wp-content\/uploads\/2020\/03\/Summa_Federica-300x293.png 300w, https:\/\/www.angolodellavventura.com\/angolonuovoitalia\/wp-content\/uploads\/2020\/03\/Summa_Federica.png 434w\" sizes=\"(max-width: 307px) 100vw, 307px\" \/><\/td>\n<td style=\"width: 4.24732%;text-align: center;height: 356px\">\n<p style=\"text-align: left\">\u00a0<\/p>\n<\/td>\n<td style=\"width: 40.8871%;text-align: center;height: 356px\">\n<p style=\"text-align: left\">\u00a0\u00a0<span style=\"color: #000000\"><strong>Cell : 349 8372542<\/strong><\/span><\/p>\n<p style=\"text-align: left\"><strong><span style=\"color: #000000\">\u00a0 <a href=\"mailto:fedematta981@gmail.com\"><img decoding=\"async\" class=\"alignnone wp-image-7249\" src=\"http:\/\/www.angolodellavventura.com\/angolonuovoitalia\/wp-content\/uploads\/2020\/04\/Busta-300x218.png\" alt=\"\" width=\"49\" height=\"35\" \/><\/a>\u00a0 \u00a0\u00a0 \u00a0\u00a0 \u00a0\u00a0 \u00a0\u00a0 <a href=\"mailto:fedematta981@gmail.com\">fedematta981@gmail.com<\/a><\/span><\/strong><\/p>\n<p style=\"text-align: left\"><strong>\u00a0 <a href=\"https:\/\/www.facebook.com\/pinorinotino\"><img decoding=\"async\" class=\"size-full wp-image-14217 alignleft\" src=\"http:\/\/www.angolodellavventura.com\/angolonuovoitalia\/wp-content\/uploads\/2020\/02\/logofacebook-3.jpg\" alt=\"\" width=\"50\" height=\"50\" \/><\/a> <span style=\"color: #000000\">\u00a0 \u00a0 \u00a0 \u00a0<a href=\"https:\/\/www.instagram.com\/fedetrallala\/?hl=it\"><img loading=\"lazy\" decoding=\"async\" class=\"size-full wp-image-14221 alignleft\" src=\"http:\/\/www.angolodellavventura.com\/angolonuovoitalia\/wp-content\/uploads\/2020\/02\/logoinstagram.jpg\" alt=\"\" width=\"50\" height=\"50\" \/><\/a>\u00a0 \u00a0 \u00a0 \u00a0 <a href=\"http:\/\/m.me\/pinorinotino\"><img loading=\"lazy\" decoding=\"async\" class=\"size-full wp-image-14220 alignleft\" src=\"http:\/\/www.angolodellavventura.com\/angolonuovoitalia\/wp-content\/uploads\/2020\/02\/logomessenger.jpg\" alt=\"\" width=\"50\" height=\"50\" \/><\/a> \u00a0<\/span><\/strong><strong>\u00a0<\/strong><\/p>\n<p style=\"text-align: left\"><span style=\"color: #000000\"><strong>\u00a0 <img loading=\"lazy\" decoding=\"async\" class=\"alignnone size-full wp-image-14427\" src=\"http:\/\/www.angolodellavventura.com\/angolonuovoitalia\/wp-content\/uploads\/2020\/02\/quadrato-bianco-e1616231643645.jpg\" alt=\"\" width=\"47\" height=\"47\" \/> \u00a0 \u00a0<\/strong><\/span><\/p>\n<\/td>\n<td style=\"width: 4.32793%;text-align: center;height: 356px\">\n<p style=\"text-align: left\">\u00a0<\/p>\n<\/td>\n<\/tr>\n<tr style=\"height: 311px\">\n<td style=\"width: 4.40856%;text-align: left;height: 311px\">\n<p><span style=\"color: #000000\"><strong>\u00a0<\/strong><\/span><\/p>\n<\/td>\n<td style=\"width: 46.1291%;text-align: left;height: 311px\">\n<p><span style=\"color: #000000\"><strong>Mi Presento:<\/strong><\/span><\/p>\n<p style=\"text-align: justify\"><span style=\"color: #000000\">Nel 2007 sono partita per il Messico, zaino sulle spalle ed un biglietto aereo&#8230; E da l\u00ec non mi sono pi\u00f9 fermata, viaggiare \u00e8 diventata una droga, al mio ritorno poso lo zaino e penso gi\u00e0 alla prossima meta. Amo quello che mi da il viaggio, conoscere nuove culture, vedere luoghi dalla natura incontaminata, amo condividere con altre persone le emozioni che mi da il viaggio.<\/span><\/p>\n<\/td>\n<td style=\"width: 4.24732%;text-align: center;height: 311px\">\n<p style=\"text-align: left\"><span style=\"color: #000000\"><strong>\u00a0<\/strong><\/span><\/p>\n<\/td>\n<td style=\"width: 40.8871%;text-align: center;height: 311px\">\n<p style=\"text-align: left\"><span style=\"color: #000000\"><strong>Motto :<\/strong><\/span><\/p>\n<p style=\"text-align: justify\"><span style=\"color: #000000\">Il vero viaggio di scoperta non consiste nel cercare nuove terre, ma nell&#8217;avere nuovi occhi.\u00a0 (Marcel Proust)<\/span><\/p>\n<p>\u00a0<\/p>\n<\/td>\n<td style=\"width: 4.32793%;text-align: center;height: 311px\">\n<p style=\"text-align: left\"><span style=\"color: #000000\"><strong>\u00a0<\/strong><\/span><\/p>\n<\/td>\n<\/tr>\n<\/tbody>\n<\/table>\n<p><!-- \/wp:tadv\/classic-paragraph --><!-- wp:tadv\/classic-paragraph --><\/p>\n<p>\u00a0<\/p>\n<p><span style=\"font-size: 14pt;color: #000000\"><strong>Viaggi Coordinati<\/strong><\/span><\/p>\n<p><!-- \/wp:tadv\/classic-paragraph --><!-- wp:tadv\/classic-paragraph --><\/p>\n<table style=\"border-collapse: collapse;width: 100%;height: 115px\">\n<tbody>\n<tr style=\"height: 23px\">\n<td style=\"width: 15.4838%;text-align: center;height: 23px\"><span style=\"color: #000000\"><strong>2024<\/strong><\/span><\/td>\n<td style=\"width: 84.5162%;text-align: left;height: 23px\">\u00a0<\/td>\n<\/tr>\n<tr style=\"height: 23px\">\n<td style=\"width: 15.4838%;text-align: center;height: 23px\"><span style=\"color: #000000\"><strong>2018<\/strong><\/span><\/td>\n<td style=\"width: 84.5162%;text-align: left;height: 23px\"><span style=\"color: #000000\"><strong>Lofoten Aurore Boreali<\/strong><\/span><\/td>\n<\/tr>\n<tr style=\"height: 23px\">\n<td style=\"width: 15.4838%;text-align: center;height: 23px\"><span style=\"color: #000000\"><strong>2017<\/strong><\/span><\/td>\n<td style=\"width: 84.5162%;text-align: left;height: 23px\"><span style=\"color: #000000\"><strong>Iran Discovery &#8211; Omo River Etiopia<\/strong><\/span><\/td>\n<\/tr>\n<tr style=\"height: 23px\">\n<td style=\"width: 15.4838%;text-align: center;height: 23px\"><span style=\"color: #000000\"><strong>2016<\/strong><\/span><\/td>\n<td style=\"width: 84.5162%;text-align: left;height: 23px\"><span style=\"color: #000000\"><strong>Senegal Breve<\/strong><\/span><\/td>\n<\/tr>\n<tr style=\"height: 23px\">\n<td style=\"width: 15.4838%;text-align: center;height: 23px\"><span style=\"color: #000000\"><strong>2015<\/strong><\/span><\/td>\n<td style=\"width: 84.5162%;text-align: left;height: 23px\"><span style=\"color: #000000\"><strong>Islanda Discovery &#8211; Okawango Botswana<\/strong><\/span><\/td>\n<\/tr>\n<\/tbody>\n<\/table>\n<p><!-- \/wp:tadv\/classic-paragraph --><!-- wp:tadv\/classic-paragraph --><\/p>\n<p>\u00a0<\/p>\n<p><span style=\"font-size: 14pt;color: #000000\"><strong>Viaggi da Partecipante<\/strong><\/span><\/p>\n<p><!-- \/wp:tadv\/classic-paragraph --><!-- wp:tadv\/classic-paragraph --><\/p>\n<table style=\"border-collapse: collapse;width: 100%;height: 40px\">\n<tbody>\n<tr style=\"height: 20px\">\n<td style=\"width: 15.6989%;text-align: center;height: 20px\"><span style=\"color: #000000\"><strong>2014<\/strong><\/span><\/td>\n<td style=\"width: 84.3011%;text-align: left;height: 20px\"><span style=\"color: #000000\"><strong>Giordania Discovery &#8211; Uganda<\/strong><\/span><\/td>\n<\/tr>\n<tr style=\"height: 20px\">\n<td style=\"width: 15.6989%;text-align: center;height: 20px\"><span style=\"color: #000000\"><strong>2011<\/strong><\/span><\/td>\n<td style=\"width: 84.3011%;text-align: left;height: 20px\"><span style=\"color: #000000\"><strong>Tanzania Parchi<\/strong><\/span><\/td>\n<\/tr>\n<\/tbody>\n<\/table>\n<p><!-- \/wp:tadv\/classic-paragraph --><!-- wp:tadv\/classic-paragraph --><\/p>\n<p>\u00a0<\/p>\n<p><span style=\"color: #000000\"><strong>Viaggi in Autonomia<\/strong><\/span><\/p>\n<p style=\"text-align: justify\"><span style=\"color: #000000\">Thailandia, Cambogia, Giappone , Myanmar, Vietnam, Sri Lanka, india, Russia, Messico, cuba, Per\u00f9, Bolivia, stati uniti, Canada, Irlanda, Ungheria, Polonia, Romania, Grecia, Marocco, Turchia, Portogallo, Spagna, Austria, Germania, Croazia, Belgio, Olanda, Francia, Inghilterra, Emirati Arabi, Repubblica Ceca, Cuba, Sud Africa, Swaziland, Norvegia<\/span><\/p>\n<p>\u00a0<\/p>\n<p><!-- \/wp:tadv\/classic-paragraph --><!-- wp:paragraph {\"align\":\"right\"} --><\/p>\n<p class=\"has-text-align-right\"><a class=\"ctsc-button ctsc-button-normal ctsc-button-none \" href=\"http:\/\/www.angolodellavventura.com\/angolonuovoitalia\/genova-coordinatori\/\" style=\" background:#666666;\n\t\t\t\tbackground:-moz-linear-gradient(top, #666666 0%, #444444 100%);\n\t\t\t\tbackground:-webkit-linear-gradient(top, #666666 0%, #444444 100%); \n\t\t\t\tbackground:linear-gradient(to bottom, #666666 0%, #444444 100%);\n\t\t\t\tfilter:progid:DXImageTransform.Microsoft.gradient(startColorstr='#666666', endColorstr='#444444',GradientType=0);\"><span class=\"ctsc-button-content\"><span class=\"ctsc-button-text\">COORDINATORI<\/span><\/span><\/a>\u00a0<\/p>\n<p><!-- \/wp:paragraph --><\/p>\t\t\t\t\t\t<\/div>\n\t\t\t\t<\/div>\n\t\t\t\t\t<\/div>\n\t\t\t\t<\/div>\n\t\t\t\t<\/div>\n\t\t","protected":false},"excerpt":{"rendered":"<p>COMITATO DI GESTIONE\u00a0 \u00a0<\/p>\n","protected":false},"author":60,"featured_media":0,"parent":0,"menu_order":0,"comment_status":"closed","ping_status":"closed","template":"","meta":{"_exactmetrics_skip_tracking":false,"_exactmetrics_sitenote_active":false,"_exactmetrics_sitenote_note":"","_exactmetrics_sitenote_category":0},"ppma_author":[283],"_links":{"self":[{"href":"https:\/\/www.angolodellavventura.com\/angolonuovoitalia\/wp-json\/wp\/v2\/pages\/5330"}],"collection":[{"href":"https:\/\/www.angolodellavventura.com\/angolonuovoitalia\/wp-json\/wp\/v2\/pages"}],"about":[{"href":"https:\/\/www.angolodellavventura.com\/angolonuovoitalia\/wp-json\/wp\/v2\/types\/page"}],"author":[{"embeddable":true,"href":"https:\/\/www.angolodellavventura.com\/angolonuovoitalia\/wp-json\/wp\/v2\/users\/60"}],"replies":[{"embeddable":true,"href":"https:\/\/www.angolodellavventura.com\/angolonuovoitalia\/wp-json\/wp\/v2\/comments?post=5330"}],"version-history":[{"count":18,"href":"https:\/\/www.angolodellavventura.com\/angolonuovoitalia\/wp-json\/wp\/v2\/pages\/5330\/revisions"}],"predecessor-version":[{"id":31256,"href":"https:\/\/www.angolodellavventura.com\/angolonuovoitalia\/wp-json\/wp\/v2\/pages\/5330\/revisions\/31256"}],"wp:attachment":[{"href":"https:\/\/www.angolodellavventura.com\/angolonuovoitalia\/wp-json\/wp\/v2\/media?parent=5330"}],"wp:term":[{"taxonomy":"author","embeddable":true,"href":"https:\/\/www.angolodellavventura.com\/angolonuovoitalia\/wp-json\/wp\/v2\/ppma_author?post=5330"}],"curies":[{"name":"wp","href":"https:\/\/api.w.org\/{rel}","templated":true}]}}