{"id":3025,"date":"2020-02-14T15:20:20","date_gmt":"2020-02-14T14:20:20","guid":{"rendered":"http:\/\/www.angolodellavventura.com\/angolonuovoitalia\/?page_id=3025"},"modified":"2026-03-01T17:33:07","modified_gmt":"2026-03-01T16:33:07","slug":"vicenza-escursioni-e-gite","status":"publish","type":"page","link":"https:\/\/www.angolodellavventura.com\/angolonuovoitalia\/vicenza-escursioni-e-gite\/","title":{"rendered":"Vicenza: Escursioni e gite"},"content":{"rendered":"\n<p class=\"has-text-align-center\">  <a class=\"ctsc-button ctsc-button-normal ctsc-button-none \" href=\"http:\/\/www.angolodellavventura.com\/angolonuovoitalia\/Vicenza-chi-siamo\/\" style=\" background:#369d03;\n\t\t\t\tbackground:-moz-linear-gradient(top, #369d03 0%, #444444 100%);\n\t\t\t\tbackground:-webkit-linear-gradient(top, #369d03 0%, #444444 100%); \n\t\t\t\tbackground:linear-gradient(to bottom, #369d03 0%, #444444 100%);\n\t\t\t\tfilter:progid:DXImageTransform.Microsoft.gradient(startColorstr='#369d03', endColorstr='#444444',GradientType=0);\"><span class=\"ctsc-button-content\"><span class=\"ctsc-button-text\">CHI SIAMO<\/span><\/span><\/a>&nbsp;&nbsp;<a class=\"ctsc-button ctsc-button-normal ctsc-button-none \" href=\"http:\/\/www.angolodellavventura.com\/angolonuovoitalia\/vicenza-contatti\/\" style=\" background:#369d03;\n\t\t\t\tbackground:-moz-linear-gradient(top, #369d03 0%, #444444 100%);\n\t\t\t\tbackground:-webkit-linear-gradient(top, #369d03 0%, #444444 100%); \n\t\t\t\tbackground:linear-gradient(to bottom, #369d03 0%, #444444 100%);\n\t\t\t\tfilter:progid:DXImageTransform.Microsoft.gradient(startColorstr='#369d03', endColorstr='#444444',GradientType=0);\"><span class=\"ctsc-button-content\"><span class=\"ctsc-button-text\">CONTATTI<\/span><\/span><\/a>&nbsp; <a class=\"ctsc-button ctsc-button-normal ctsc-button-none \" href=\"http:\/\/www.angolodellavventura.com\/angolonuovoitalia\/vicenza-serate\/\" style=\" background:#369d03;\n\t\t\t\tbackground:-moz-linear-gradient(top, #369d03 0%, #444444 100%);\n\t\t\t\tbackground:-webkit-linear-gradient(top, #369d03 0%, #444444 100%); \n\t\t\t\tbackground:linear-gradient(to bottom, #369d03 0%, #444444 100%);\n\t\t\t\tfilter:progid:DXImageTransform.Microsoft.gradient(startColorstr='#369d03', endColorstr='#444444',GradientType=0);\"><span class=\"ctsc-button-content\"><span class=\"ctsc-button-text\">SERATE<\/span><\/span><\/a>&nbsp; <a class=\"ctsc-button ctsc-button-normal ctsc-button-none \" href=\"http:\/\/www.angolodellavventura.com\/angolonuovoitalia\/vicenza-escursioni-e-gite\/\" style=\" background:#369d03;\n\t\t\t\tbackground:-moz-linear-gradient(top, #369d03 0%, #444444 100%);\n\t\t\t\tbackground:-webkit-linear-gradient(top, #369d03 0%, #444444 100%); \n\t\t\t\tbackground:linear-gradient(to bottom, #369d03 0%, #444444 100%);\n\t\t\t\tfilter:progid:DXImageTransform.Microsoft.gradient(startColorstr='#369d03', endColorstr='#444444',GradientType=0);\"><span class=\"ctsc-button-content\"><span class=\"ctsc-button-text\">ESCURSIONI E GITE<\/span><\/span><\/a> <a class=\"ctsc-button ctsc-button-normal ctsc-button-none \" href=\"http:\/\/www.angolodellavventura.com\/angolonuovoitalia\/vicenza-coordinatori\/\" style=\" background:#369d03;\n\t\t\t\tbackground:-moz-linear-gradient(top, #369d03 0%, #444444 100%);\n\t\t\t\tbackground:-webkit-linear-gradient(top, #369d03 0%, #444444 100%); \n\t\t\t\tbackground:linear-gradient(to bottom, #369d03 0%, #444444 100%);\n\t\t\t\tfilter:progid:DXImageTransform.Microsoft.gradient(startColorstr='#369d03', endColorstr='#444444',GradientType=0);\"><span class=\"ctsc-button-content\"><span class=\"ctsc-button-text\">COORDINATORI<\/span><\/span><\/a>&nbsp; <a class=\"ctsc-button ctsc-button-normal ctsc-button-none \" href=\"http:\/\/www.angolodellavventura.com\/angolonuovoitalia\/vicenza-mondogiovani-discovery\/%20\" style=\" background:#369d03;\n\t\t\t\tbackground:-moz-linear-gradient(top, #369d03 0%, #444444 100%);\n\t\t\t\tbackground:-webkit-linear-gradient(top, #369d03 0%, #444444 100%); \n\t\t\t\tbackground:linear-gradient(to bottom, #369d03 0%, #444444 100%);\n\t\t\t\tfilter:progid:DXImageTransform.Microsoft.gradient(startColorstr='#369d03', endColorstr='#444444',GradientType=0);\"><span class=\"ctsc-button-content\"><span class=\"ctsc-button-text\">MONDOGIOVANI DISCOVERY<\/span><\/span><\/a>    <a class=\"ctsc-button ctsc-button-normal ctsc-button-none \" href=\"http:\/\/www.angolodellavventura.com\/angolonuovoitalia\/vicenza-viaggi-in-partenza%20\/\" style=\" background:#369d03;\n\t\t\t\tbackground:-moz-linear-gradient(top, #369d03 0%, #444444 100%);\n\t\t\t\tbackground:-webkit-linear-gradient(top, #369d03 0%, #444444 100%); \n\t\t\t\tbackground:linear-gradient(to bottom, #369d03 0%, #444444 100%);\n\t\t\t\tfilter:progid:DXImageTransform.Microsoft.gradient(startColorstr='#369d03', endColorstr='#444444',GradientType=0);\"><span class=\"ctsc-button-content\"><span class=\"ctsc-button-text\">Viaggi in partenza<\/span><\/span><\/a>   <\/p>\n\n\n\n<p class=\"has-text-align-center\">&#8212;&#8212;&#8212;&#8212;&#8212;&#8212;&#8212;&#8212;&#8212;&#8212;&#8212;&#8212;&#8212;&#8212;&#8212;&#8212;&#8211; <span style=\"background-color: #ffff00;color: #ff6600;font-size: 20pt\"><mark><mark><mark style=\"background-color:#00d084\" class=\"has-inline-color has-black-color\"><strong>2 0 2 6<\/strong><\/mark><\/mark><\/mark><\/span> &#8212;&#8212;&#8212;&#8212;&#8212;&#8212;&#8212;&#8212;&#8212;&#8212;&#8212;&#8212;&#8212;&#8212;&#8212;&#8212;&#8211;<\/p>\n\n\n\n<p><strong><mark style=\"background-color:#fff00\" class=\"has-inline-color\">Sab 14 MAR ore 10:00 &#8220;BANSKY E LA STREET ART&#8221;<\/mark><mark style=\"background-color:#ffffff\" class=\"has-inline-color\"><\/mark><\/strong><em> &#8211; <\/em>Visita guidata alla mostra a Conegliano, Palazzo Sarcinelli.<br>Protagonista assoluto dell\u2019esposizione \u00e8 naturalmente Banksy, lo street artist che si sa essere originario di Bristol ma del quale nessuno conosce la vera identit\u00e0, a oggi l\u2019esponente pi\u00f9 importante di tutta la street art. Il mistero intorno alla sua figura e alle sue opere sempre pi\u00f9 controverse e dichiaratamente schierate contro \u201ci potenti\u201d del mondo, accrescono sempre di pi\u00f9 il mito di un artista irraggiungibile e rivoluzionario.<br>La mostra di Palazzo Sarcinelli accoglie anche due mostri sacri della street art, attivi rispettivamente nel Novecento e nel XXI secolo. Il primo \u00e8 Keith Haring. Diventato famoso grazie ai murales realizzati nelle metropolitane degli anni \u201980. L\u2019altro grande artista \u00e8 Shepard Fairey, in arte Obey. Attualmente uno degli street artists pi\u00f9 importanti al mondo.<br> &#8211; APPUNTAMENTO ore 9:30, MAX 9:45 di fronte Palazzo Sarcinelli.<br>&#8211; PRENOTAZIONE E VERSAMENTO QUOTA OBBLIGATORIA ENTRO LE ORE 18 DEL 22 FEBBRAIO. La prenotazione sar\u00e0 considerata valida solo dopo il versamento della quota di partecipazione: per la modalit\u00e0 di versamento sarete contattati da Luciano Miotello (tel. <a href=\"tel:3204821093\">3204821093<\/a>) \u2013 N.B.: i biglietti devono essere acquistati con largo anticipo e IN NESSUN CASO POTRANNO ESSERE RIMBORSATI.<\/p>\n\n\n\n<p><strong><mark style=\"background-color:#fff00\" class=\"has-inline-color\">Ven 20 MAR ore 20:00 &#8220;OSSERVATORIO ASTRONOMICO DI ARCUGNANO&#8221;<\/mark><mark style=\"background-color:#ffffff\" class=\"has-inline-color\"><\/mark><\/strong><em> &#8211; <\/em>Visita guidata dal Gruppo Astrofili Vicentini \u201cG. Abetti\u201d &#8211; Via S. Giustina n. 127, Arcugnano (VI) &#8211; Costo 5 \u20ac &#8211; PRENOTAZIONE OBBLIGATORIA<br>Nell&#8217;emisfero boreale l&#8217;equinozio di marzo segna la \ufb01ne dell&#8217;inverno e l&#8217;inizio della primavera. Vivi con noi una serata speciale in cui impareremo a conoscere e ad osservare il cielo. Esploriamo nuovi orizzonti\u2026per prepararci, chiss\u00e0, a nuove avventure!<\/p>\n\n\n\n<p><em> <\/em><strong>Sab (<em>da definire)<\/em> <em>ore 10:30<\/em><\/strong><em> <mark><mark style=\"background-color:#ffffff\" class=\"has-inline-color\">&#8220;CASTELLO DEL CATAJO&#8221;<\/mark><\/mark><\/em> &#8211; Visita guidata a Battaglia Terme &#8211; <em>partenza da Vicenza ovest con appuntamento al parcheggio dell\u2019Autostrada Vicenza Ovest h 9 &#8211; <em>Dopo la visita, <\/em>pranzo in compagnia nella zona.<em> &#8211; <\/em>SEGUIRANNO DETTAGLI<\/em><\/p>\n\n\n\n<p><\/p>\n\n\n\n<p class=\"has-text-align-center\"><em>&#8212;&#8212;&#8212;&#8212;&#8212;&#8212;&#8212;&#8212;&#8212;&#8212;&#8212;&#8212;&#8212;&#8212;&#8212;&#8212;&#8211; <strong><span style=\"background-color: #ffff00;color: #ff6600;font-size: 20pt\"><mark style=\"background-color:#ffffff\" class=\"has-inline-color has-black-color\">2 0 2 5<\/mark><\/span><\/strong> &#8212;&#8212;&#8212;&#8212;&#8212;&#8212;&#8212;&#8212;&#8212;&#8212;&#8212;&#8212;&#8212;&#8212;&#8212;&#8212;&#8211;<\/em><\/p>\n\n\n\n<p><mark><mark style=\"background-color:#abb8c3\" class=\"has-inline-color\"><strong><em>ESCURSIONI E GITE <em>FATTE<\/em><\/em> <em>IN COMPAGNIA DEI COORDINATORI VICENTINI<\/em><\/strong><\/mark><\/mark><\/p>\n\n\n\n<p><em>Sab 15 FEB ore 11:00 <mark style=\"background-color:#ffffff\" class=\"has-inline-color\">&#8220;EGITTO. VIAGGIO VERSO L&#8217;IMMORTALITA'&#8221; <\/mark>&#8211; Visita guidata alla mostra a Conegliano, Palazzo Sarcinelli. &#8211; E&#8217; una mostra rigorosamente scientifica, a cura di Maria Cristina Guidotti su progetto di Contemporanea Progetti, organizzata da ARTIKA e CP, in collaborazione con il Comune di Conegliano. La totalit\u00e0 delle opere esposte proviene dal Museo Egizio di Firenze (Museo Archeologico Nazionale di Firenze), in esclusiva a Conegliano dopo la tappa internazionale in Danimarca.<br>La mostra indaga l\u2019inizio del viaggio verso l\u2019immortalit\u00e0, le pratiche di imbalsamazione, la funzione dei corredi che accompagnavano il defunto verso i Campi di Iaru, poi conosciuti come Campi Elisi e, volendo, il Paradiso.<br>Pi\u00f9 di 100 reperti straordinari, compresi alcuni scoperti nel corso della spedizione guidata dal mitico Jean-Fran\u00e7ois Champollion (il decifratore dei geroglifici) e da Ippolito Rosellini &#8211; Partenza da Vicenza ovest con appuntamento al parcheggio dell\u2019Autostrada Vicenza Ovest h. 8 &#8211; Dopo la visita, pranzo in compagnia nella zona, facoltativo. <\/em><\/p>\n\n\n\n<p><em><mark style=\"background-color:#ffffff\" class=\"has-inline-color\">Sab 10 MAG ore 10:00 &#8220;ESCURSIONE SUI COLLI BERICI E VISITA ALLA GROTTA DI SAN BERNARDINO&#8221;<\/mark> -Organizzato in collaborazione conb il Triveneto Discovery &#8211; Escursione lungo il sentiero 81 nella Valle dei Mulini di Mossano sui colli berici con aperi-bruch in agriturismo e visita nel primo pomeriggio alla grotta eremo di San Bernardino. &#8211; Ritrovo h 10 a Mossano &#8211; Fine evento h16 circa. &#8211; <a href=\"https:\/\/www.viaggiavventurenelmondo.it\/calendario\/eventi\">https:\/\/www.viaggiavventurenelmondo.it\/calendario\/eventi<\/a> <\/em><\/p>\n\n\n\n<p><em>Dom 5 OTT ore 9:00 \u201cGITA IN BICICLETTA\u201c &#8211; <mark><strong><mark><mark class=\"has-inline-color has-vivid-red-color\">ANNULLATA PER MALTEMPO<\/mark><\/mark><\/strong><\/mark> &#8211; Una pedalata di circa 25 km da Bassano del Grappa alle Grotte di Oliero. Ritrovo a Bassano, in fondo a via Angarano (in prossimit\u00e0 del Ponte degli Alpini, destra Brenta).<br> 9:30\u00f711:00 Biciclettata tramite piste ciclabili e strade secondarie con arrivo alle Grotte di Oliero.<br> 11:00\u00f715:30 Visita alla Grotte, (12\u20ac) sosta che include anche la pausa pranzo.<br> 15:30&nbsp;Ripartenza per Bassano, arrivo previsto 16:30 <a href=\"https:\/\/www.viaggiavventurenelmondo.it\/eventi\/qjrtpk7hvt3id\" data-type=\"URL\" data-id=\"https:\/\/www.viaggiavventurenelmondo.it\/eventi\/qjrtpk7hvt3id\">https:\/\/www.viaggiavventurenelmondo.it\/eventi\/qjrtpk7hvt3id<\/a><\/em><\/p>\n\n\n\n<p><em>Sab 15 NOV ore 10:00 \u201cVISITA ALLA VILLA FORNI CERATO\u201c Via Venezia, 7, Capodisotto &#8211; VI &#8211; Villa Forni Cerato \u00e8 una villa veneta situata a Montecchio Precalcino, in provincia di Vicenza, la cui progettazione \u00e8 attribuita all&#8217;architetto Andrea Palladio nel 1565 circa, anche se permangono dubbi sulla reale paternit\u00e0 palladiana dell&#8217;edificio. &#8211; <a href=\"https:\/\/www.villafornicerato.it\/\" data-type=\"URL\" data-id=\"https:\/\/www.villafornicerato.it\/\">https:\/\/www.villafornicerato.it\/<\/a><\/em><\/p>\n\n\n<p class=\"has-text-align-center\">&#8212;&#8212;&#8212;&#8212;&#8212;&#8212;&#8212;&#8212;&#8212;&#8212;&#8212;&#8212;&#8212;&#8212;&#8212;&#8212;&#8211; <strong><span style=\"background-color: #ffff00;color: #ff6600;font-size: 20pt\"><em><mark class=\"has-inline-color\" style=\"background-color: #ffffff\">2 0 2 4<\/mark><\/em><\/span><\/strong><mark class=\"has-inline-color has-black-color\" style=\"background-color: #ffffff\"> <\/mark>&#8212;&#8212;&#8212;&#8212;&#8212;&#8212;&#8212;&#8212;&#8212;&#8212;&#8212;&#8212;&#8212;&#8212;&#8212;&#8212;&#8211;<\/p>\n<p><mark class=\"has-inline-color\" style=\"background-color: #abb8c3\"><strong><em>ESCURSIONI E GITE <\/em><em><em>FATTE<\/em><\/em> <em>IN COMPAGNIA DEI COORDINATORI VICENTINI<\/em><\/strong><\/mark><\/p>\n<p><em>Mar 2 LUG ore 19 \u201cCAMMINANDO E SOGNANDO\u201d \u2013 Una passeggiata di circa due ore tra la natura dei colli di Sovizzo sognando il prossimo viaggio, a cura di Elisabetta Bernar (tel. 3478912624), coordinatrice vicentina di Avventure Nel Mondo. Possibile farsi accompagnare dai propri amici a quattro zampe.<\/em><\/p>\n<p><em>Sab 20 LUG ore 9:30 \u201cPASSEGGIATA SUL MONTE CENGIO\u201d \u2013 facile escursione (8 km a\/r con dislivello di 250 m), percorribile a piedi anche da escursionisti non esperti, attraverso numerosi punti di interesse storico (trincee, gallerie, postazioni di artiglieria, oltre al famosissimo salto dei granatieri), godendosi per tutto il tragitto anche la vista mozzafiato sulla parte finale della Valle dell&#8217;Astico e sulla retrostante pianura, a cura di Gianni Pellattiero (tel. 3386353062), coordinatore vicentino di Avventure Nel Mondo.<\/em><\/p>\n<p><em><mark><mark><strong><mark class=\"has-inline-color has-vivid-red-color\">ANNULLATA<\/mark><\/strong><\/mark> <\/mark>\u2014 <mark><mark class=\"has-inline-color\" style=\"background-color: #ffffff\">Lun 29 LUG ore 18:45<\/mark><\/mark><mark class=\"has-inline-color\" style=\"background-color: #ffffff\"> <\/mark>\u201cCAMMINANDO E SOGNANDO\u201d \u2013 Una passeggiata di circa due ore tra la natura del colle di Montemezzo sognando il prossimo viaggio, a cura di Elisabetta Bernar (tel. 3478912624), coordinatrice vicentina di Avventure Nel Mondo. Possibilit\u00e0 di farsi accompagnare dai propri amici a quattro zampe. \u2014<mark><mark><strong><mark class=\"has-inline-color has-vivid-red-color\">ANNULLATA <\/mark><\/strong><\/mark><\/mark>\u2014<\/em><\/p>\n<p><\/p>","protected":false},"excerpt":{"rendered":"<p>&nbsp;&nbsp;&nbsp; &nbsp; &nbsp; &#8212;&#8212;&#8212;&#8212;&#8212;&#8212;&#8212;&#8212;&#8212;&#8212;&#8212;&#8212;&#8212;&#8212;&#8212;&#8212;&#8211; 2 0 2 6 &#8212;&#8212;&#8212;&#8212;&#8212;&#8212;&#8212;&#8212;&#8212;&#8212;&#8212;&#8212;&#8212;&#8212;&#8212;&#8212;&#8211; Sab 14 MAR ore 10:00 &#8220;BANSKY E LA STREET ART&#8221; &#8211; Visita guidata alla mostra a Conegliano, Palazzo Sarcinelli.Protagonista assoluto dell\u2019esposizione \u00e8 naturalmente Banksy, lo&#46;&#46;&#46;<\/p>\n","protected":false},"author":53,"featured_media":0,"parent":0,"menu_order":0,"comment_status":"closed","ping_status":"closed","template":"","meta":{"_exactmetrics_skip_tracking":false,"_exactmetrics_sitenote_active":false,"_exactmetrics_sitenote_note":"","_exactmetrics_sitenote_category":0},"ppma_author":[56],"_links":{"self":[{"href":"https:\/\/www.angolodellavventura.com\/angolonuovoitalia\/wp-json\/wp\/v2\/pages\/3025"}],"collection":[{"href":"https:\/\/www.angolodellavventura.com\/angolonuovoitalia\/wp-json\/wp\/v2\/pages"}],"about":[{"href":"https:\/\/www.angolodellavventura.com\/angolonuovoitalia\/wp-json\/wp\/v2\/types\/page"}],"author":[{"embeddable":true,"href":"https:\/\/www.angolodellavventura.com\/angolonuovoitalia\/wp-json\/wp\/v2\/users\/53"}],"replies":[{"embeddable":true,"href":"https:\/\/www.angolodellavventura.com\/angolonuovoitalia\/wp-json\/wp\/v2\/comments?post=3025"}],"version-history":[{"count":49,"href":"https:\/\/www.angolodellavventura.com\/angolonuovoitalia\/wp-json\/wp\/v2\/pages\/3025\/revisions"}],"predecessor-version":[{"id":31589,"href":"https:\/\/www.angolodellavventura.com\/angolonuovoitalia\/wp-json\/wp\/v2\/pages\/3025\/revisions\/31589"}],"wp:attachment":[{"href":"https:\/\/www.angolodellavventura.com\/angolonuovoitalia\/wp-json\/wp\/v2\/media?parent=3025"}],"wp:term":[{"taxonomy":"author","embeddable":true,"href":"https:\/\/www.angolodellavventura.com\/angolonuovoitalia\/wp-json\/wp\/v2\/ppma_author?post=3025"}],"curies":[{"name":"wp","href":"https:\/\/api.w.org\/{rel}","templated":true}]}}