{"id":15357,"date":"2021-05-17T15:40:51","date_gmt":"2021-05-17T13:40:51","guid":{"rendered":"http:\/\/www.angolodellavventura.com\/angolonuovoitalia\/?page_id=15357"},"modified":"2021-05-17T16:02:30","modified_gmt":"2021-05-17T14:02:30","slug":"calendario","status":"publish","type":"page","link":"https:\/\/www.angolodellavventura.com\/angolonuovoitalia\/calendario\/","title":{"rendered":"Calendario"},"content":{"rendered":"\n\n\n\n\n<p><img fetchpriority=\"high\" decoding=\"async\" class=\"wp-image-15358  aligncenter\" src=\"http:\/\/www.angolodellavventura.com\/angolonuovoitalia\/wp-content\/uploads\/2021\/05\/banner-calendario2.jpg\" alt=\"\" width=\"737\" height=\"163\" srcset=\"https:\/\/www.angolodellavventura.com\/angolonuovoitalia\/wp-content\/uploads\/2021\/05\/banner-calendario2.jpg 614w, https:\/\/www.angolodellavventura.com\/angolonuovoitalia\/wp-content\/uploads\/2021\/05\/banner-calendario2-300x66.jpg 300w\" sizes=\"(max-width: 737px) 100vw, 737px\" \/><\/p>\n\n\n\n<table style=\"border-collapse: collapse; width: 100%;\">\n<tbody>\n<tr style=\"background-color: #579e06; border-style: solid;\">\n<td style=\"width: 100%; text-align: center;\"><strong><span style=\"color: #ffffff;\">MARTEDI&#8217; 25 MAGGIO<\/span><\/strong><\/td>\n<\/tr>\n<\/tbody>\n<\/table>\n\n\n\n<h2 style=\"text-align: center;\"><strong>MAROCCO<\/strong><\/h2>\n<p>Gli amici dell&#8217;Angolo sono invitati a questa serata speciale!<\/p>\n<p>Un albero la cui radici affondano in Africa e che respira attraverso le foglie dell&#8217;Europa.<\/p>\n<p><img decoding=\"async\" class=\"wp-image-15161  alignleft\" src=\"http:\/\/www.angolodellavventura.com\/angolonuovoitalia\/wp-content\/uploads\/2021\/05\/bambibni-1024x768.jpg\" alt=\"\" width=\"341\" height=\"255\" srcset=\"https:\/\/www.angolodellavventura.com\/angolonuovoitalia\/wp-content\/uploads\/2021\/05\/bambibni-1024x768.jpg 1024w, https:\/\/www.angolodellavventura.com\/angolonuovoitalia\/wp-content\/uploads\/2021\/05\/bambibni-300x225.jpg 300w, https:\/\/www.angolodellavventura.com\/angolonuovoitalia\/wp-content\/uploads\/2021\/05\/bambibni-768x576.jpg 768w, https:\/\/www.angolodellavventura.com\/angolonuovoitalia\/wp-content\/uploads\/2021\/05\/bambibni-1536x1152.jpg 1536w, https:\/\/www.angolodellavventura.com\/angolonuovoitalia\/wp-content\/uploads\/2021\/05\/bambibni.jpg 1600w\" sizes=\"(max-width: 341px) 100vw, 341px\" \/>Il viaggio in Marocco \u00e8 percorrere un paese affascinante per la sua bellezza nella straordinaria molteplicit\u00e0 di ci\u00f2 che si pu\u00f2 trovare: una combinazione di citt\u00e0 e natura, che comprende antiche incantevoli medine, architettura islamica, cultura araba, sug gremiti, dune sabbiose e deserti rocciosi.<\/p>\n<p>\u00a0<\/p>\n<p>\u00a0<\/p>\n<p><strong>PRESENTANO<\/strong><\/p>\n<p>MARIO ROSSI &#8211; MAROCCO DISCOVERY<\/p>\n<p><strong>ACCOGLIENZA<\/strong><\/p>\n<p><strong>DUO\u00a0<\/strong><\/p>\n\n\n\n<table style=\"border-collapse: collapse; width: 100%;\">\n<tbody>\n<tr style=\"background-color: #579e06; border-style: solid;\">\n<td style=\"width: 100%; text-align: center;\"><span style=\"color: #ffffff;\"><strong>GIOVEDI&#8217; 27 MAGGIO\u00a0<\/strong><\/span><\/td>\n<\/tr>\n<\/tbody>\n<\/table>\n\n\n\n<h2><strong>ISLANDA<\/strong><\/h2>\n<p>Gli amici dell&#8217;Angolo sono invitati a questa serata speciale!<\/p>\n<p>Un albero la cui radici affondano in Africa e che respira attraverso le foglie dell&#8217;Europa.<\/p>\n<p><img decoding=\"async\" class=\"wp-image-15161  alignleft\" src=\"http:\/\/www.angolodellavventura.com\/angolonuovoitalia\/wp-content\/uploads\/2021\/05\/bambibni-1024x768.jpg\" alt=\"\" width=\"341\" height=\"255\" srcset=\"https:\/\/www.angolodellavventura.com\/angolonuovoitalia\/wp-content\/uploads\/2021\/05\/bambibni-1024x768.jpg 1024w, https:\/\/www.angolodellavventura.com\/angolonuovoitalia\/wp-content\/uploads\/2021\/05\/bambibni-300x225.jpg 300w, https:\/\/www.angolodellavventura.com\/angolonuovoitalia\/wp-content\/uploads\/2021\/05\/bambibni-768x576.jpg 768w, https:\/\/www.angolodellavventura.com\/angolonuovoitalia\/wp-content\/uploads\/2021\/05\/bambibni-1536x1152.jpg 1536w, https:\/\/www.angolodellavventura.com\/angolonuovoitalia\/wp-content\/uploads\/2021\/05\/bambibni.jpg 1600w\" sizes=\"(max-width: 341px) 100vw, 341px\" \/>Il viaggio in Marocco \u00e8 percorrere un paese affascinante per la sua bellezza nella straordinaria molteplicit\u00e0 di ci\u00f2 che si pu\u00f2 trovare: una combinazione di citt\u00e0 e natura, che comprende antiche incantevoli medine, architettura islamica, cultura araba, sug gremiti, dune sabbiose e deserti rocciosi.<\/p>\n","protected":false},"excerpt":{"rendered":"","protected":false},"author":119,"featured_media":0,"parent":0,"menu_order":0,"comment_status":"closed","ping_status":"closed","template":"","meta":{"_exactmetrics_skip_tracking":false,"_exactmetrics_sitenote_active":false,"_exactmetrics_sitenote_note":"","_exactmetrics_sitenote_category":0},"ppma_author":[120],"_links":{"self":[{"href":"https:\/\/www.angolodellavventura.com\/angolonuovoitalia\/wp-json\/wp\/v2\/pages\/15357"}],"collection":[{"href":"https:\/\/www.angolodellavventura.com\/angolonuovoitalia\/wp-json\/wp\/v2\/pages"}],"about":[{"href":"https:\/\/www.angolodellavventura.com\/angolonuovoitalia\/wp-json\/wp\/v2\/types\/page"}],"author":[{"embeddable":true,"href":"https:\/\/www.angolodellavventura.com\/angolonuovoitalia\/wp-json\/wp\/v2\/users\/119"}],"replies":[{"embeddable":true,"href":"https:\/\/www.angolodellavventura.com\/angolonuovoitalia\/wp-json\/wp\/v2\/comments?post=15357"}],"version-history":[{"count":0,"href":"https:\/\/www.angolodellavventura.com\/angolonuovoitalia\/wp-json\/wp\/v2\/pages\/15357\/revisions"}],"wp:attachment":[{"href":"https:\/\/www.angolodellavventura.com\/angolonuovoitalia\/wp-json\/wp\/v2\/media?parent=15357"}],"wp:term":[{"taxonomy":"author","embeddable":true,"href":"https:\/\/www.angolodellavventura.com\/angolonuovoitalia\/wp-json\/wp\/v2\/ppma_author?post=15357"}],"curies":[{"name":"wp","href":"https:\/\/api.w.org\/{rel}","templated":true}]}}