{"id":14728,"date":"2021-04-12T16:35:36","date_gmt":"2021-04-12T14:35:36","guid":{"rendered":"http:\/\/www.angolodellavventura.com\/angolonuovoitalia\/?page_id=14728"},"modified":"2026-02-07T09:26:39","modified_gmt":"2026-02-07T08:26:39","slug":"paolucci-rachele","status":"publish","type":"page","link":"https:\/\/www.angolodellavventura.com\/angolonuovoitalia\/paolucci-rachele\/","title":{"rendered":"PAOLUCCI RACHELE"},"content":{"rendered":"\t\t<div data-elementor-type=\"wp-page\" data-elementor-id=\"14728\" class=\"elementor elementor-14728\">\n\t\t\t\t<div class=\"elementor-element elementor-element-36b560a1 e-flex e-con-boxed wpr-particle-no wpr-jarallax-no wpr-parallax-no wpr-sticky-section-no e-con e-parent\" data-id=\"36b560a1\" data-element_type=\"container\">\n\t\t\t\t\t<div class=\"e-con-inner\">\n\t\t\t\t<div class=\"elementor-element elementor-element-7ab0c6cd elementor-widget elementor-widget-text-editor\" data-id=\"7ab0c6cd\" data-element_type=\"widget\" data-widget_type=\"text-editor.default\">\n\t\t\t\t<div class=\"elementor-widget-container\">\n\t\t\t<style>\/*! elementor - v3.22.0 - 26-06-2024 *\/\n.elementor-widget-text-editor.elementor-drop-cap-view-stacked .elementor-drop-cap{background-color:#69727d;color:#fff}.elementor-widget-text-editor.elementor-drop-cap-view-framed .elementor-drop-cap{color:#69727d;border:3px solid;background-color:transparent}.elementor-widget-text-editor:not(.elementor-drop-cap-view-default) .elementor-drop-cap{margin-top:8px}.elementor-widget-text-editor:not(.elementor-drop-cap-view-default) .elementor-drop-cap-letter{width:1em;height:1em}.elementor-widget-text-editor .elementor-drop-cap{float:left;text-align:center;line-height:1;font-size:50px}.elementor-widget-text-editor .elementor-drop-cap-letter{display:inline-block}<\/style>\t\t\t\t<p><!-- wp:tadv\/classic-paragraph --><\/p>\n<p style=\"text-align: center\"><span style=\"color: #008000\"><strong><span style=\"font-size: 24pt;font-family: 'comic sans ms', sans-serif\">PAOLUCCI RACHELE<\/span><\/strong><\/span><\/p>\n<p><!-- \/wp:tadv\/classic-paragraph --><!-- wp:tadv\/classic-paragraph --><\/p>\n<p style=\"text-align: justify\"><span style=\"font-size: 18pt;color: #000000\"><strong>COMITATO DI GESTIONE &#8211;\u00a0 Squadre Eventi e Escursioni.<\/strong><\/span><\/p>\n<p><!-- \/wp:tadv\/classic-paragraph --><!-- wp:tadv\/classic-paragraph \/--><!-- wp:tadv\/classic-paragraph --><\/p>\n<table style=\"border-collapse: collapse;width: 100%;height: 362px\">\n<tbody>\n<tr style=\"height: 311px\">\n<td style=\"width: 4.40856%;text-align: center;height: 352px\">\u00a0<\/td>\n<td style=\"width: 46.1291%;text-align: center;height: 352px\"><img fetchpriority=\"high\" decoding=\"async\" class=\"size-medium wp-image-14742 aligncenter\" src=\"http:\/\/www.angolodellavventura.com\/angolonuovoitalia\/wp-content\/uploads\/2021\/04\/Paolucci_Rachele-300x288.jpg\" alt=\"\" width=\"300\" height=\"288\" srcset=\"https:\/\/www.angolodellavventura.com\/angolonuovoitalia\/wp-content\/uploads\/2021\/04\/Paolucci_Rachele-300x288.jpg 300w, https:\/\/www.angolodellavventura.com\/angolonuovoitalia\/wp-content\/uploads\/2021\/04\/Paolucci_Rachele.jpg 389w\" sizes=\"(max-width: 300px) 100vw, 300px\" \/><\/td>\n<td style=\"width: 4.24732%;text-align: center;height: 352px\">\n<p style=\"text-align: left\">\u00a0<\/p>\n<\/td>\n<td style=\"width: 40.8871%;text-align: center;height: 352px\">\n<p style=\"text-align: left\">\u00a0\u00a0<span style=\"color: #000000\"><strong>Cell :\u00a0 328 8725708\u00a0\u00a0<\/strong><\/span><\/p>\n<p style=\"text-align: left\"><strong><span style=\"color: #000000\">\u00a0 <a href=\"mailto:rachele.paolucci@gmail.com\"><img decoding=\"async\" class=\"alignnone wp-image-7249\" src=\"http:\/\/www.angolodellavventura.com\/angolonuovoitalia\/wp-content\/uploads\/2020\/04\/Busta-300x218.png\" alt=\"\" width=\"46\" height=\"33\" \/><\/a>\u00a0 \u00a0\u00a0 \u00a0\u00a0 \u00a0\u00a0 \u00a0\u00a0<a href=\"mailto:rachele.paolucci@gmail.com\">rachele.paolucci@gmail.com<\/a><\/span><\/strong><\/p>\n<p style=\"text-align: left\"><strong>\u00a0 <span style=\"color: #000000\"><a href=\"https:\/\/www.facebook.com\/rachele.paolucci.5\"><img decoding=\"async\" class=\"size-full wp-image-14217 alignleft\" src=\"http:\/\/www.angolodellavventura.com\/angolonuovoitalia\/wp-content\/uploads\/2020\/02\/logofacebook-3.jpg\" alt=\"\" width=\"50\" height=\"50\" \/><\/a>\u00a0 \u00a0 <a href=\"https:\/\/www.instagram.com\/kele_pao\/?hl=it\"><img loading=\"lazy\" decoding=\"async\" class=\"size-full wp-image-14221 alignleft\" src=\"http:\/\/www.angolodellavventura.com\/angolonuovoitalia\/wp-content\/uploads\/2020\/02\/logoinstagram.jpg\" alt=\"\" width=\"50\" height=\"50\" \/><\/a>\u00a0 \u00a0 <a href=\"http:\/\/M.me\/rachele.paolucci.5\"><img loading=\"lazy\" decoding=\"async\" class=\"size-full wp-image-14220 alignleft\" src=\"http:\/\/www.angolodellavventura.com\/angolonuovoitalia\/wp-content\/uploads\/2020\/02\/logomessenger.jpg\" alt=\"\" width=\"50\" height=\"50\" \/><\/a>\u00a0 \u00a0 \u00a0\u00a0 \u00a0\u00a0<\/span><\/strong><\/p>\n<p style=\"text-align: left\">\u00a0<\/p>\n<\/td>\n<td style=\"width: 4.32793%;text-align: center;height: 352px\">\n<p style=\"text-align: left\">\u00a0<\/p>\n<\/td>\n<\/tr>\n<tr style=\"height: 311px\">\n<td style=\"width: 4.40856%;text-align: left;height: 10px\">\n<p><span style=\"color: #000000\"><strong>\u00a0<\/strong><\/span><\/p>\n<\/td>\n<td style=\"width: 46.1291%;text-align: left;height: 10px\">\n<p><span style=\"color: #000000\"><strong>Mi Presento:<\/strong><\/span><\/p>\n<p style=\"text-align: justify\"><span style=\"color: #000000\">Ho prenotato il mio primo viaggio con AnM quasi per gioco, volendo festeggiare il mio trentesimo compleanno in maniera \u201cdiversa\u201d. Da subito, per\u00f2, mi sono accorta che questo modo di viaggiare era estremamente \u201cuguale\u201d alla mia personale idea di viaggio. Lasciare a casa ogni preconcetto, immergersi nella cultura ospitante e tornare pi\u00f9 ricchi di quando si \u00e8 partiti. Era il 2015 e da allora non ho pi\u00f9 potuto fare a meno di viaggiare con AnM. <\/span><span style=\"color: #000000\">Dal 2019 sono coordinatrice e parte dell\u2019Angolo di Genova.<\/span><\/p>\n<\/td>\n<td style=\"width: 4.24732%;text-align: center;height: 10px\">\n<p style=\"text-align: left\"><span style=\"color: #000000\"><strong>\u00a0<\/strong><\/span><\/p>\n<\/td>\n<td style=\"width: 40.8871%;text-align: center;height: 10px\">\n<p style=\"text-align: left\"><span style=\"color: #000000\"><strong>Motto :<\/strong><\/span><\/p>\n<p style=\"text-align: justify\"><span style=\"color: #000000\">\u201cLe persone non fanno i viaggi, sono i viaggi che fanno le persone\u201d\u00a0 (John Steinbeck)<\/span><\/p>\n<p>\u00a0<\/p>\n<\/td>\n<td style=\"width: 4.32793%;text-align: center;height: 10px\">\n<p style=\"text-align: left\"><span style=\"color: #000000\"><strong>\u00a0<\/strong><\/span><\/p>\n<\/td>\n<\/tr>\n<\/tbody>\n<\/table>\n<p><!-- \/wp:tadv\/classic-paragraph --><!-- wp:tadv\/classic-paragraph --><\/p>\n<p>\u00a0<\/p>\n<p><span style=\"font-size: 14pt;color: #000000\"><strong>Viaggi Coordinati<\/strong><\/span><\/p>\n<p><!-- \/wp:tadv\/classic-paragraph --><\/p>\n<p><!-- wp:tadv\/classic-paragraph --><\/p>\n<table style=\"border-collapse: collapse;width: 100%;height: 79px\">\n<tbody>\n<tr>\n<td style=\"width: 15.4838%;text-align: center\"><span style=\"color: #000000\"><strong>2025<\/strong><\/span><\/td>\n<td style=\"width: 84.5162%;text-align: left\"><span style=\"color: #000000\"><b>Brasile Natura &#8211; Vietnam Express Discovery<\/b><\/span><\/td>\n<\/tr>\n<tr>\n<td style=\"width: 15.4838%;text-align: center\"><span style=\"color: #000000\"><strong>2024<\/strong><\/span><\/td>\n<td style=\"width: 84.5162%;text-align: left\"><span style=\"color: #000000\"><b>Per\u00f9 &#8211; Cuba Express Discovery<\/b><\/span><\/td>\n<\/tr>\n<tr>\n<td style=\"width: 15.4838%;text-align: center\"><span style=\"color: #000000\"><strong>2023<\/strong><\/span><\/td>\n<td style=\"width: 84.5162%;text-align: left\"><span style=\"color: #000000\"><strong>Borneo Natura &#8211; Cappadocia Discovery<\/strong><\/span><\/td>\n<\/tr>\n<tr>\n<td style=\"width: 15.4838%;text-align: center\"><span style=\"color: #000000\"><strong>2022<\/strong><\/span><\/td>\n<td style=\"width: 84.5162%;text-align: left\"><span style=\"color: #000000\"><strong>Tanzanzibar e Parchi &#8211; Thai Discovery<\/strong><\/span><\/td>\n<\/tr>\n<tr style=\"height: 23px\">\n<td style=\"width: 15.4838%;text-align: center;height: 23px\"><span style=\"color: #000000\"><strong>2021<\/strong><\/span><\/td>\n<td style=\"width: 84.5162%;text-align: left;height: 23px\"><span style=\"color: #000000\"><strong>Irlanda Breve &#8211; La Digue Discovery<\/strong><\/span><\/td>\n<\/tr>\n<tr style=\"height: 23px\">\n<td style=\"width: 15.4838%;text-align: center;height: 23px\"><span style=\"color: #000000\"><strong>2019<\/strong><\/span><\/td>\n<td style=\"width: 84.5162%;text-align: left;height: 23px\"><span style=\"color: #000000\"><strong>Marrakesh Discovery<\/strong><\/span><\/td>\n<\/tr>\n<\/tbody>\n<\/table>\n<p><!-- \/wp:tadv\/classic-paragraph --><\/p>\n<p><!-- wp:tadv\/classic-paragraph --><\/p>\n<p>\u00a0<\/p>\n<p><span style=\"font-size: 14pt;color: #000000\"><strong>Viaggi da Partecipante<\/strong><\/span><\/p>\n<p><!-- \/wp:tadv\/classic-paragraph --><\/p>\n<p><!-- wp:tadv\/classic-paragraph --><\/p>\n<table style=\"border-collapse: collapse;width: 100%;height: 36px\">\n<tbody>\n<tr style=\"height: 18px\">\n<td style=\"width: 15.0538%;text-align: center;height: 18px\"><span style=\"color: #000000\"><strong>2018<\/strong><\/span><\/td>\n<td style=\"width: 84.9462%;text-align: left;height: 18px\"><span style=\"color: #000000\"><strong>Brasile Express &#8211; Galles Cornovaglia<\/strong><\/span><\/td>\n<\/tr>\n<tr style=\"height: 18px\">\n<td style=\"width: 15.0538%;text-align: center;height: 18px\"><span style=\"color: #000000\"><strong>2016<\/strong><\/span><\/td>\n<td style=\"width: 84.9462%;text-align: left;height: 18px\"><span style=\"color: #000000\"><strong>Messico Mare e Maya<\/strong><\/span><\/td>\n<\/tr>\n<tr style=\"height: 18px\">\n<td style=\"width: 15.0538%;text-align: center;height: 18px\"><span style=\"color: #000000\"><strong>2015<\/strong><\/span><\/td>\n<td style=\"width: 84.9462%;text-align: left;height: 18px\"><span style=\"color: #000000\"><strong>Capo Nord Lofoten<\/strong><\/span><\/td>\n<\/tr>\n<\/tbody>\n<\/table>\n<p><!-- \/wp:tadv\/classic-paragraph --><\/p>\n<p><!-- \/wp:tadv\/classic-paragraph --><\/p>\n<p><!-- wp:tadv\/classic-paragraph --><\/p>\n<p><!-- \/wp:tadv\/classic-paragraph --><!-- wp:tadv\/classic-paragraph --><\/p>\n<p><!-- \/wp:tadv\/classic-paragraph --><!-- wp:tadv\/classic-paragraph --><\/p>\n<p>\u00a0<\/p>\n<p><span style=\"color: #000000\"><strong><span style=\"font-size: 14pt\">Viaggi in Autonomia<\/span><\/strong><\/span><\/p>\n<p style=\"text-align: justify\"><span style=\"color: #000000\">Irlanda, Spagna, Portogallo, Grecia, Croazia, Egitto, Florida, California, USA parchi, Hawaii (Honolulu), Caraibi (Bahamas, Repubblica Dominicana, Virgin Islands, Jamaica, Cayman Island), Niagara Falls, Isole Canarie.<\/span><\/p>\n<p><!-- \/wp:tadv\/classic-paragraph --><\/p>\t\t\t\t\t\t<\/div>\n\t\t\t\t<\/div>\n\t\t\t\t\t<\/div>\n\t\t\t\t<\/div>\n\t\t<div class=\"elementor-element elementor-element-768f25b e-flex e-con-boxed wpr-particle-no wpr-jarallax-no wpr-parallax-no wpr-sticky-section-no e-con e-parent\" data-id=\"768f25b\" data-element_type=\"container\">\n\t\t\t\t\t<div class=\"e-con-inner\">\n\t\t\t\t<div class=\"elementor-element elementor-element-f752a30 elementor-widget elementor-widget-text-editor\" data-id=\"f752a30\" data-element_type=\"widget\" data-widget_type=\"text-editor.default\">\n\t\t\t\t<div class=\"elementor-widget-container\">\n\t\t\t\t\t\t\t<p>\u00a0<\/p>\n<a class=\"ctsc-button ctsc-button-normal ctsc-button-none \" href=\"http:\/\/www.angolodellavventura.com\/angolonuovoitalia\/genova-coordinatori\/\" style=\" background:#666666;\n\t\t\t\tbackground:-moz-linear-gradient(top, #666666 0%, #444444 100%);\n\t\t\t\tbackground:-webkit-linear-gradient(top, #666666 0%, #444444 100%); \n\t\t\t\tbackground:linear-gradient(to bottom, #666666 0%, #444444 100%);\n\t\t\t\tfilter:progid:DXImageTransform.Microsoft.gradient(startColorstr='#666666', endColorstr='#444444',GradientType=0);\"><span class=\"ctsc-button-content\"><span class=\"ctsc-button-text\">COORDINATORI<\/span><\/span><\/a>\t\t\t\t\t\t<\/div>\n\t\t\t\t<\/div>\n\t\t\t\t\t<\/div>\n\t\t\t\t<\/div>\n\t\t\t\t<\/div>\n\t\t","protected":false},"excerpt":{"rendered":"<p>\u00a0 Viaggi in Autonomia Irlanda, Spagna, Portogallo, Grecia, Croazia, Egitto, Florida, California, USA parchi, Hawaii (Honolulu), Caraibi (Bahamas, Repubblica Dominicana, Virgin Islands, Jamaica, Cayman Island), Niagara Falls, Isole Canarie. \u00a0 \u00a0\u00a0<\/p>\n","protected":false},"author":60,"featured_media":0,"parent":0,"menu_order":0,"comment_status":"closed","ping_status":"closed","template":"","meta":{"_exactmetrics_skip_tracking":false,"_exactmetrics_sitenote_active":false,"_exactmetrics_sitenote_note":"","_exactmetrics_sitenote_category":0},"ppma_author":[283],"_links":{"self":[{"href":"https:\/\/www.angolodellavventura.com\/angolonuovoitalia\/wp-json\/wp\/v2\/pages\/14728"}],"collection":[{"href":"https:\/\/www.angolodellavventura.com\/angolonuovoitalia\/wp-json\/wp\/v2\/pages"}],"about":[{"href":"https:\/\/www.angolodellavventura.com\/angolonuovoitalia\/wp-json\/wp\/v2\/types\/page"}],"author":[{"embeddable":true,"href":"https:\/\/www.angolodellavventura.com\/angolonuovoitalia\/wp-json\/wp\/v2\/users\/60"}],"replies":[{"embeddable":true,"href":"https:\/\/www.angolodellavventura.com\/angolonuovoitalia\/wp-json\/wp\/v2\/comments?post=14728"}],"version-history":[{"count":45,"href":"https:\/\/www.angolodellavventura.com\/angolonuovoitalia\/wp-json\/wp\/v2\/pages\/14728\/revisions"}],"predecessor-version":[{"id":31238,"href":"https:\/\/www.angolodellavventura.com\/angolonuovoitalia\/wp-json\/wp\/v2\/pages\/14728\/revisions\/31238"}],"wp:attachment":[{"href":"https:\/\/www.angolodellavventura.com\/angolonuovoitalia\/wp-json\/wp\/v2\/media?parent=14728"}],"wp:term":[{"taxonomy":"author","embeddable":true,"href":"https:\/\/www.angolodellavventura.com\/angolonuovoitalia\/wp-json\/wp\/v2\/ppma_author?post=14728"}],"curies":[{"name":"wp","href":"https:\/\/api.w.org\/{rel}","templated":true}]}}