{"id":14592,"date":"2021-03-27T13:12:36","date_gmt":"2021-03-27T12:12:36","guid":{"rendered":"http:\/\/www.angolodellavventura.com\/angolonuovoitalia\/?page_id=14592"},"modified":"2024-12-09T19:28:23","modified_gmt":"2024-12-09T18:28:23","slug":"1998-kangchejunga","status":"publish","type":"page","link":"https:\/\/www.angolodellavventura.com\/angolonuovoitalia\/1998-kangchejunga\/","title":{"rendered":"1998 Kangchejunga"},"content":{"rendered":"\t\t<div data-elementor-type=\"wp-page\" data-elementor-id=\"14592\" class=\"elementor elementor-14592\">\n\t\t\t\t<div class=\"elementor-element elementor-element-78e30f36 e-flex e-con-boxed wpr-particle-no wpr-jarallax-no wpr-parallax-no wpr-sticky-section-no e-con e-parent\" data-id=\"78e30f36\" data-element_type=\"container\">\n\t\t\t\t\t<div class=\"e-con-inner\">\n\t\t\t\t<div class=\"elementor-element elementor-element-497e98a3 elementor-widget elementor-widget-text-editor\" data-id=\"497e98a3\" data-element_type=\"widget\" data-widget_type=\"text-editor.default\">\n\t\t\t\t<div class=\"elementor-widget-container\">\n\t\t\t<style>\/*! elementor - v3.22.0 - 26-06-2024 *\/\n.elementor-widget-text-editor.elementor-drop-cap-view-stacked .elementor-drop-cap{background-color:#69727d;color:#fff}.elementor-widget-text-editor.elementor-drop-cap-view-framed .elementor-drop-cap{color:#69727d;border:3px solid;background-color:transparent}.elementor-widget-text-editor:not(.elementor-drop-cap-view-default) .elementor-drop-cap{margin-top:8px}.elementor-widget-text-editor:not(.elementor-drop-cap-view-default) .elementor-drop-cap-letter{width:1em;height:1em}.elementor-widget-text-editor .elementor-drop-cap{float:left;text-align:center;line-height:1;font-size:50px}.elementor-widget-text-editor .elementor-drop-cap-letter{display:inline-block}<\/style>\t\t\t\t<!-- wp:tadv\/classic-paragraph -->\n<p style=\"text-align: center\"><em><span style=\"color: #008000\"><strong><span style=\"font-size: 24pt\">Kangchejunga<\/span><\/strong><\/span><\/em><\/p>\n<p style=\"text-align: justify\"><span style=\"color: #000000\">Il trek non \u00e8 dei pi\u00f9 facili sia come ambiente che come logistica: caldo umido in basso, freddo, ma sempre umido in alto, frequenti piogge serali nonostante la stagione giusta, lunghi e faticosi saliscendi da un lato, completa assenza di punti di appoggio e conseguente necessit\u00e0 di essere totalmente autosutticienti dalle tende al cibo, dall&#8217;altro consigliano questo percorso a trekker esperti e non certo a neofiti che pensano di trovarsi al giro dell&#8217;Annapurna!!\u00a0 La ricompensa \u00e8 un tuffo in quello che doveva essere il Nepal 30 anni fa; ambiente naturale e culturale incontaminato. Nessun bambino questuante, villaggi fermi nel tempo, jungla impenetrabile e terrazzamenti infiniti, limpidi fiumi e, the list, but not the least, sua maest\u00e0 il Kangchenjunga, la cui impressionante parete Sud, alta 3000 m, chiude uno spettacoloso anfiteatro di roccia e ghiaccio.<\/span><\/p>\n<p style=\"text-align: justify\"><span style=\"color: #000000\"><strong>Clima e ambiente <\/strong><\/span><\/p>\n<p style=\"text-align: justify\"><span style=\"color: #000000\">L&#8217;estremo Nord-Est del Nepal \u00e8 un ambiente anomalo rispetto al resto del Paese; la relativa vicinanza delle montagne alla pianura e l\u2019influenza del golfo del Bengala rendono il clima estremamente umido anche durante la stagione asciutta. In bassa quota (da 900 a 2300 m) il clima \u00e8 caldo-umido, con foresta pluviale fitta ove c&#8217;\u00e8 scarsa popolazione e infiniti terrazamenti a risaie ove la popolazione \u00e8 pi\u00f9 densa . Ovunque abbondanza di sanguisughe e piogge serali-notturne anche violente. In alta quota il clima diventa pi\u00f9 freddo, ma, non meno umido, come dimostra la presenta di vegetazione arborea fin oltre 24000 metri. Al pomeriggio si ha facilmente condensazione di nebbia con diminuzione notevole della temperatura. Le montagne restano visibili solo per brevi periodi al mattino, in genere tra le 8 e le 9.30. L&#8217;ambiente umano \u00e8 caratterizzato da popolazioni Limbu e Chettri nella fascia medio bassa e da Sherpa direttamente tibetani nella fascia alta, mentre la fascia intermedia rimane praticamente spopolata. Tutte queste popolazioni non sono ancora toccate dal solito turismo becero e ignorante che popola molti trekking in Nepal, ma fino a quando?\u00a0<\/span><\/p>\n<p style=\"text-align: justify\"><span style=\"color: #000000\"><strong>Attrezzature e vestiti<\/strong><\/span><\/p>\n<p style=\"text-align: justify\"><span style=\"color: #000000\">Oltre alla tenda, sono ovviamente necessari un buon materassino e un sacco a pelo polivalente, tenendo conto che in busso fa caldo e in alto molto freddo. Per camminare buoni scarponcini da trek e altumente consigliabili, i bastoncini da sci per alleggerire le ginocchia durante gli infiniti saliscendi. Buon zaino con coprizaino e, seguendo l&#8217;uso locale, un ombrello contro sole e pioggia. Vestiti a strati, di cotone (o, meglio, capilene light) in basso, pile per la sera, tuta di terinda per camminare in quota, duvet, calzamaglia, guanti e berretto pesante per le sere in quota.<\/span><\/p>\n<!-- \/wp:tadv\/classic-paragraph --><!-- wp:paragraph -->\n<p><span class=\"tadv-color\" style=\"color: #000000\"><strong>Osservazione Importantissima<\/strong> <\/span><\/p>\n<!-- \/wp:paragraph --><!-- wp:tadv\/classic-paragraph -->\n<p style=\"text-align: justify\"><span style=\"color: #000000\">La popolazione dei posti attraversati dal trek \u00e8 ancora culturalmente integra e NESSUN bambino chiede penne o bonbon. .. questo perch\u00e9 ancora nessuno STUPIDO turista, per un malinteso senso di bont\u00e0, ha incomincialo a fare \u201cRegalini\u201d DON&#8217;T MAKE THEM BEGGERS!!! Certamente vi ritroverete dei partecipanti con \u201cil core in mano\u201d che penseranno di tacitare la loro coscienza regalando penne o caramelle (ma quando sprecano energia stupidamente la loro coscienza tace, eppure \u00e8 cos\u00ec che impoveriscono il mondo!), ebbene, IMPEDITEGLIELO, COSTRINGENDOLI, SE PROPRIO INSISTONO, A CONSEGNARE I DONI AL MAESTRO O SIMILI e non direttamente uni bambini, NEPPURE UNA CARAMELLA!! Salviamo la loro dignit\u00e0, se proprio vogliamo aiutarli ci sono, anche a Kathmandu, valide organizzazioni a cui consegnare contributi e doni, sicuri che saranno ben impiegati.<\/span><\/p>\n<!-- \/wp:tadv\/classic-paragraph --><!-- wp:paragraph -->\n<p><strong><span class=\"tadv-color\" style=\"color: #000000\">Marted\u00ec 20\/10 Kyaprara (2730m) &#8211; Ghunsa (3430m) &#8211; 4,30 ore<\/span><\/strong><\/p>\n<!-- \/wp:paragraph --><!-- wp:tadv\/classic-paragraph -->\n<p style=\"text-align: justify\"><span style=\"color: #000000\">Solito orario al mattino, discesa nella foresta lungo il fiume, poi saliscendi sempre un po&#8217; in salita fino al grande e sparso | villaggio di Phere, ove arriviamo alle 10.30 e ci fermiamo per il lunch. Tempo brutto, a tratti piove. Ripartiamo alle 12.30 e proseguiamo in salita lungo il fiume, in una bella valle dove la vegetazione cambia lentamente da tropicale a montana. Vediamo Ghunsa oltre il fiume, arriviamo al ponte e poi al grande paese tibetano, sporco e fangoso, ma estremamente significativo come esmpio di &#8220;un altro modo&#8221; di vivere. Poniamo il campo nel giardino di una casa privata, ove arriviamo alle 14. Pomeriggio di relax con passeggiate in paese, alla sera fa veramente freddo ed escono i sacchi a pelo pesanti. Durante la notte piove \u00e8 tratti.<\/span><\/p>\n<!-- \/wp:tadv\/classic-paragraph --><!-- wp:paragraph -->\n<p><strong><span class=\"tadv-color\" style=\"color: #000000\">Mercoled\u00ec 21\/10 Ghunsa (3430 m) -Campo a quota 4200 m. &#8211; 4.40 ore <\/span><\/strong><\/p>\n<!-- \/wp:paragraph --><!-- wp:tadv\/classic-paragraph -->\n<p style=\"text-align: justify\"><span style=\"color: #000000\">Al mattino \u00e8 freddo, ma sereno, solita partenza alle 7.30 e subito salita in un fitto bosco. Il sentiero tira dritto ed in 2.30 ore siamo a 4000 m. con l&#8217;ambiente un p\u00f2 pu\u00f9 secco, ma sempre boscoso, splendide viste sulla valle sottostante.Un p\u00f2 di diagonale ed alle 10.40 ci fermiamo presso una sorgente per il pranzo: molto caldo e sole, notevoli viste sui monti circostanti. Alle 12 ripartiamo e con diagonali e saliscendi alle13.30 arriviamo ad un ripiano paludoso, letteralmente ricoperto da escrementi di yak, ove mettiamo il campo mentre la nebbia sale avvolgendo ogni cosa. Pomerigio problematico per alcuni paretecipanti che accusano la quota con mal di testa e vomito (strano, siamo saliti a piedi e mlto gradualmente, ma questo mi convince dell&#8217;importanza del giorno di sosta a Ghunsa, specie per gente non abituata alle alte quote) ma verso sera tutti stanno meglio e, malgrado il freddo la nebbia e la pioggia passiamo una buona nottata. I portatori, de si sono venduti gli indumenti caldi e che sono venuti senza adeguati vestiti, malrado fossero stati avvertiti del fatto che si andava al freddo, battono i denti, ma noi abbiamo pi\u00f9 quasi nulla da dare &#8230;<\/span><\/p>\n<!-- \/wp:tadv\/classic-paragraph --><!-- wp:paragraph -->\n<p><strong><span class=\"tadv-color\" style=\"color: #000000\">Gioved\u00ec 22\/10 Campo quota 4200 &#8211; Mirgin L\u00e0 (4724 m.) . Yalung (4200 m) &#8211; 6.30 ore<\/span><\/strong><\/p>\n<!-- \/wp:paragraph --><!-- wp:tadv\/classic-paragraph -->\n<p style=\"text-align: justify\"><span style=\"color: #000000\">Piove anche al mattino, siamo in una bara di nebbia e freddo,; smontiamo le tende fradice ed alle 7.30 partiamo. Il Mirgin L\u00e0 \u00e8 in realt\u00e0 costituito da una successione di 4 passi tutti atomo ai 4600\/4700 m, intervallati da creste e picole valli, con un percorso quindi particolarmente faticoso anche per la quota. Subito salita abbastanza dura e in due ore siamo al primo paso, da dove abbiamo una splendida vista dello Jannu; subito dopo per\u00f2 il tempo s\u00ec chiude e per tutto il giorno cammineremo nella nebbia &#8230; la sfiga ! Continuiamo per creste e saliscendi fino alle 10.30, quando ci fermiamo per un gelido panzo. Riprendiamo per creste e passi senza vedere altro che i Chorten in cima ai valichi (ricordarsi di portare dal basso una pietra di aggiungere al mucchio) e \u00een ore 2.15 arriviamopi\u00f9 alti sopra lo Yalung river. Da qui si dovrebbe (con bel tempo) goderedi una stupenda vista del Cangchejunga , per noi solo nebbia.! Lunga e ripida discesa alle 16 siamo sopra Tseram e prendiamo il bivio per Yalung , una semplice sadura in alto sul fiume. La raggiungiamo in 25&#8242;, ma nel frattempo ha cominciato a piovere e montiamo il campo sotto l&#8217;acqua battente. Serata un p\u00f2 tragica per maltempo, freddo, quota e cibo troppo pesante.<\/span><\/p>\n<!-- \/wp:tadv\/classic-paragraph --><!-- wp:paragraph -->\n<p><strong><span class=\"tadv-color\" style=\"color: #000000\">Venerd\u00ec 23\/10 Yalung (4200 m) &#8211; Ramze (4620m) &#8211; 3 ore <\/span><\/strong><\/p>\n<!-- \/wp:paragraph --><!-- wp:tadv\/classic-paragraph -->\n<p style=\"text-align: justify\"><span style=\"color: #000000\">Alle 6.30 nebbia fitta, aspettiamo il sole per asciugare le tende e finalmente alle 8 uno squarcio di assoluto sereno ci permette anche di apprezzare lo splendido ambiente in cui ci troviamo e le alte montagne circostanti, propaggini sud-ovestdel massiccio del Kangchejunga. Alle 9 \u00e8 tutto asciutto e mentre il tempo si richiude nuovamente, una frana ci costringe a scendere al fiume e poi risalire verso Lapsang, ampio pianoro con lago a 4400 m, punto di inizio del sentiero del Lapsang L\u00e0, passo parallelo al Mirging L\u00e0 ma molto pi\u00f9 alto, difficoltoso per neve e ghiaccio e decisamente sconsigliabile in un trekking come questo. Si prosegue con a destra la morena dello Yalung glacier ed in breve raggiungiamo il pianoro di Ramze, con laghetto e mandrie di yak al pascolo. Fa molto freddo, nebbia fitta ed a tratti piove, siamo tutti piuttosto stanchi e passiamo il pomeriggio a dormicchiare nelle tende.<\/span><\/p>\n<!-- \/wp:tadv\/classic-paragraph --><!-- wp:paragraph -->\n<p><strong><span class=\"tadv-color\" style=\"color: #000000\">Sabato 24\/10 Ramze (4620 m) &#8211; Oktang ( 4800 m) &#8211; Tseram ( 3870 m) &#8211; 3 + 2.30 ore <\/span><\/strong><\/p>\n<!-- \/wp:paragraph --><!-- wp:tadv\/classic-paragraph -->\n<p style=\"text-align: justify\"><span style=\"color: #000000\">Alle 6 le nuvle si aprono, una tazza di t\u00e8 ed alle 6.45 schizziamo di corsa verso il chorte di Oktang &#8230; salvo renderci conto dopo pochi minuti che siamo a 4700 m e ridimensionare il passo! Continuiamo comunque velocemente nella valletta a lato della morena, con il timore che le nuvole nascondano nuovamente i monti, ma la giornata ha deciso di esserci favorevole ed alle 8.15 raggiungiamo in chorten in un tripudio di sole, ghiacci e roccia. La parete sud del Kangchejunga, anche se ancora parecchio lontana, chiude in tutta la sua possanza uno splendido anfiteatro e la giornata limpidissima permetterebbe di vedere con i binocoli evenuali alpinisti sulla vetta! Con tempo sempre splendido alle 11 siamo di ritorno al camp, un rapido pranzoed alle 12.30 a Tseram c&#8217;\u00e8 un bel prato per il campeggio, ma siamo di nuovo nella nebbia umida e fredda. Notte gelida.<\/span><\/p>\n<!-- \/wp:tadv\/classic-paragraph --><!-- wp:tadv\/classic-paragraph -->\n<p style=\"text-align: justify\"><span style=\"color: #000000\">Pubblicato sulla Rivista del 1999 n.1 nella seione &#8220;Dialoghi&#8221;<\/span><\/p>\n<!-- \/wp:tadv\/classic-paragraph --><!-- wp:tadv\/classic-paragraph -->\n<p class=\"has-text-align-right\"><strong><a href=\"http:\/\/www.angolodellavventura.com\/angolonuovoitalia\/traverso-maurizio\/\">Maurizio Traverso<\/a><\/strong><\/p>\n<!-- \/wp:tadv\/classic-paragraph -->\t\t\t\t\t\t<\/div>\n\t\t\t\t<\/div>\n\t\t\t\t\t<\/div>\n\t\t\t\t<\/div>\n\t\t\t\t<\/div>\n\t\t","protected":false},"excerpt":{"rendered":"<p>Osservazione Importantissima Marted\u00ec 20\/10 Kyaprara (2730m) &#8211; Ghunsa (3430m) &#8211; 4,30 ore Mercoled\u00ec 21\/10 Ghunsa (3430 m) -Campo a quota 4200 m. &#8211; 4.40 ore Gioved\u00ec 22\/10 Campo quota 4200 &#8211; Mirgin L\u00e0 (4724&#46;&#46;&#46;<\/p>\n","protected":false},"author":60,"featured_media":0,"parent":0,"menu_order":0,"comment_status":"closed","ping_status":"closed","template":"","meta":{"_exactmetrics_skip_tracking":false,"_exactmetrics_sitenote_active":false,"_exactmetrics_sitenote_note":"","_exactmetrics_sitenote_category":0},"ppma_author":[283],"_links":{"self":[{"href":"https:\/\/www.angolodellavventura.com\/angolonuovoitalia\/wp-json\/wp\/v2\/pages\/14592"}],"collection":[{"href":"https:\/\/www.angolodellavventura.com\/angolonuovoitalia\/wp-json\/wp\/v2\/pages"}],"about":[{"href":"https:\/\/www.angolodellavventura.com\/angolonuovoitalia\/wp-json\/wp\/v2\/types\/page"}],"author":[{"embeddable":true,"href":"https:\/\/www.angolodellavventura.com\/angolonuovoitalia\/wp-json\/wp\/v2\/users\/60"}],"replies":[{"embeddable":true,"href":"https:\/\/www.angolodellavventura.com\/angolonuovoitalia\/wp-json\/wp\/v2\/comments?post=14592"}],"version-history":[{"count":3,"href":"https:\/\/www.angolodellavventura.com\/angolonuovoitalia\/wp-json\/wp\/v2\/pages\/14592\/revisions"}],"predecessor-version":[{"id":26779,"href":"https:\/\/www.angolodellavventura.com\/angolonuovoitalia\/wp-json\/wp\/v2\/pages\/14592\/revisions\/26779"}],"wp:attachment":[{"href":"https:\/\/www.angolodellavventura.com\/angolonuovoitalia\/wp-json\/wp\/v2\/media?parent=14592"}],"wp:term":[{"taxonomy":"author","embeddable":true,"href":"https:\/\/www.angolodellavventura.com\/angolonuovoitalia\/wp-json\/wp\/v2\/ppma_author?post=14592"}],"curies":[{"name":"wp","href":"https:\/\/api.w.org\/{rel}","templated":true}]}}