{"id":1035,"date":"2020-01-31T17:20:30","date_gmt":"2020-01-31T16:20:30","guid":{"rendered":"http:\/\/www.angolodellavventura.com\/angolonuovoitalia\/?page_id=1035"},"modified":"2022-06-26T15:15:55","modified_gmt":"2022-06-26T13:15:55","slug":"verona-serate","status":"publish","type":"page","link":"https:\/\/www.angolodellavventura.com\/angolonuovoitalia\/verona-serate\/","title":{"rendered":"Verona: appuntamenti ed eventi"},"content":{"rendered":"\n<p class=\"has-text-align-center\"><a class=\"ctsc-button ctsc-button-normal ctsc-button-none \" href=\"http:\/\/www.angolodellavventura.com\/angolonuovoitalia\/verona-chi-siamo\/\" style=\" background:#369d03;\n\t\t\t\tbackground:-moz-linear-gradient(top, #369d03 0%, #444444 100%);\n\t\t\t\tbackground:-webkit-linear-gradient(top, #369d03 0%, #444444 100%); \n\t\t\t\tbackground:linear-gradient(to bottom, #369d03 0%, #444444 100%);\n\t\t\t\tfilter:progid:DXImageTransform.Microsoft.gradient(startColorstr='#369d03', endColorstr='#444444',GradientType=0);\"><span class=\"ctsc-button-content\"><span class=\"ctsc-button-text\">CHI SIAMO<\/span><\/span><\/a>&nbsp;&nbsp;<a class=\"ctsc-button ctsc-button-normal ctsc-button-none \" href=\"http:\/\/www.angolodellavventura.com\/angolonuovoitalia\/verona-contatti\/\" style=\" background:#369d03;\n\t\t\t\tbackground:-moz-linear-gradient(top, #369d03 0%, #444444 100%);\n\t\t\t\tbackground:-webkit-linear-gradient(top, #369d03 0%, #444444 100%); \n\t\t\t\tbackground:linear-gradient(to bottom, #369d03 0%, #444444 100%);\n\t\t\t\tfilter:progid:DXImageTransform.Microsoft.gradient(startColorstr='#369d03', endColorstr='#444444',GradientType=0);\"><span class=\"ctsc-button-content\"><span class=\"ctsc-button-text\">CONTATTI<\/span><\/span><\/a>&nbsp; <a class=\"ctsc-button ctsc-button-normal ctsc-button-none \" href=\"http:\/\/www.angolodellavventura.com\/angolonuovoitalia\/verona-serate\/\" style=\" background:#369d03;\n\t\t\t\tbackground:-moz-linear-gradient(top, #369d03 0%, #444444 100%);\n\t\t\t\tbackground:-webkit-linear-gradient(top, #369d03 0%, #444444 100%); \n\t\t\t\tbackground:linear-gradient(to bottom, #369d03 0%, #444444 100%);\n\t\t\t\tfilter:progid:DXImageTransform.Microsoft.gradient(startColorstr='#369d03', endColorstr='#444444',GradientType=0);\"><span class=\"ctsc-button-content\"><span class=\"ctsc-button-text\">APPUNTAMENTI ED EVENTI<\/span><\/span><\/a>&nbsp; <a class=\"ctsc-button ctsc-button-normal ctsc-button-none \" href=\"http:\/\/www.angolodellavventura.com\/angolonuovoitalia\/verona-escursioni-e-gite\/\" style=\" background:#369d03;\n\t\t\t\tbackground:-moz-linear-gradient(top, #369d03 0%, #444444 100%);\n\t\t\t\tbackground:-webkit-linear-gradient(top, #369d03 0%, #444444 100%); \n\t\t\t\tbackground:linear-gradient(to bottom, #369d03 0%, #444444 100%);\n\t\t\t\tfilter:progid:DXImageTransform.Microsoft.gradient(startColorstr='#369d03', endColorstr='#444444',GradientType=0);\"><span class=\"ctsc-button-content\"><span class=\"ctsc-button-text\">ESCURSIONI E GITE<\/span><\/span><\/a> <a class=\"ctsc-button ctsc-button-normal ctsc-button-none \" href=\"http:\/\/www.angolodellavventura.com\/angolonuovoitalia\/verona-coordinatori\/\" style=\" background:#369d03;\n\t\t\t\tbackground:-moz-linear-gradient(top, #369d03 0%, #444444 100%);\n\t\t\t\tbackground:-webkit-linear-gradient(top, #369d03 0%, #444444 100%); \n\t\t\t\tbackground:linear-gradient(to bottom, #369d03 0%, #444444 100%);\n\t\t\t\tfilter:progid:DXImageTransform.Microsoft.gradient(startColorstr='#369d03', endColorstr='#444444',GradientType=0);\"><span class=\"ctsc-button-content\"><span class=\"ctsc-button-text\">COORDINATORI E VIAGGI IN PARTENZA<\/span><\/span><\/a>&nbsp; <a class=\"ctsc-button ctsc-button-normal ctsc-button-none \" href=\"http:\/\/www.angolodellavventura.com\/angolonuovoitalia\/verona-mondogiovani-discovery\/%20\" style=\" background:#369d03;\n\t\t\t\tbackground:-moz-linear-gradient(top, #369d03 0%, #444444 100%);\n\t\t\t\tbackground:-webkit-linear-gradient(top, #369d03 0%, #444444 100%); \n\t\t\t\tbackground:linear-gradient(to bottom, #369d03 0%, #444444 100%);\n\t\t\t\tfilter:progid:DXImageTransform.Microsoft.gradient(startColorstr='#369d03', endColorstr='#444444',GradientType=0);\"><span class=\"ctsc-button-content\"><span class=\"ctsc-button-text\">MONDOGIOVANI DISCOVERY<\/span><\/span><\/a>\n\n\n\n<div class=\"wp-block-image\"><figure class=\"aligncenter size-large is-resized\"><img fetchpriority=\"high\" decoding=\"async\" src=\"http:\/\/www.angolodellavventura.com\/angolonuovoitalia\/wp-content\/uploads\/2020\/02\/365221573646872.jpg\" alt=\"\" class=\"wp-image-4401\" width=\"416\" height=\"270\" srcset=\"https:\/\/www.angolodellavventura.com\/angolonuovoitalia\/wp-content\/uploads\/2020\/02\/365221573646872.jpg 832w, https:\/\/www.angolodellavventura.com\/angolonuovoitalia\/wp-content\/uploads\/2020\/02\/365221573646872-300x195.jpg 300w, https:\/\/www.angolodellavventura.com\/angolonuovoitalia\/wp-content\/uploads\/2020\/02\/365221573646872-768x498.jpg 768w\" sizes=\"(max-width: 416px) 100vw, 416px\" \/><\/figure><\/div>\n\n\n\n<p class=\"has-text-align-center has-medium-font-size\"><span style=\"font-family: verdana, geneva, sans-serif;font-size: 14pt\"><strong><em><span class=\"tadv-color\" style=\"color: #313131\">\u201cRACCONTI DI VIAGGIO 2021 \u2013 2022\u201d<\/span><\/em><\/strong><\/span><\/p>\n\n\n\n<p><span style=\"font-family: verdana, geneva, sans-serif\">mercoled\u00ec 10 novembre 2021:<\/span><br><span style=\"font-family: verdana, geneva, sans-serif\"><strong><em>\u201cNAMIBIA. <\/em><em>Armonie e contrasti dell&#8217;Africa Australe<\/em><em>\u201d<\/em> <\/strong><\/span><br><span style=\"font-family: verdana, geneva, sans-serif\">di Stefano Carazzi<\/span><\/p>\n\n\n\n<p><span style=\"font-family: verdana, geneva, sans-serif\">mercoled\u00ec 1\u00b0 dicembre 2021:<\/span><br><span style=\"font-family: verdana, geneva, sans-serif\"><em>\u201c<strong>VIETNAM<\/strong>. <strong>Storia millenaria lungo il Mekong\u201d <\/strong><\/em>di Roberto Virgili<\/span><\/p>\n<p><span style=\"font-family: verdana, geneva, sans-serif\">mercoled\u00ec 12 gennaio 2022:<\/span><br><span style=\"font-family: verdana, geneva, sans-serif\"><strong><em>\u201cDiari dal PAMIR. Crocevia di popoli tra le montagne del centro Asia\u201d <\/em><\/strong>di Michele Bottazzo<\/span><\/p>\n\n\n\n<p><span style=\"font-family: verdana, geneva, sans-serif\">mercoled\u00ec 2 febbraio 2022:<\/span><br><span style=\"font-family: verdana, geneva, sans-serif\">Sala Africa chiusa per lavori di straordinaria manutenzione<\/span><\/p>\n\n\n\n<p><span style=\"font-family: verdana, geneva, sans-serif\">mercoled\u00ec 2 marzo 2022:<\/span><br><span style=\"font-family: verdana, geneva, sans-serif\"><strong><em>\u201cETIOPIA OMO RIVER\u201d<\/em><\/strong> <\/span><br><span style=\"font-family: verdana, geneva, sans-serif\">di Abenezer Belete<\/span><\/p>\n\n\n\n<div><span style=\"font-family: verdana, geneva, sans-serif\">mercoled\u00ec 6 aprile 2022: <\/span><br \/><span style=\"font-family: verdana, geneva, sans-serif\"><strong><em>\u201cGIAPPONE: nel paese del sol levante tra tradizione e modernit\u00e0\u201d<\/em><\/strong><\/span><\/div>\n<div><span style=\"font-family: verdana, geneva, sans-serif\">di Claudia Bragato e Michele Gamba<\/span><br \/><br \/><span style=\"font-family: verdana, geneva, sans-serif\">mercoled\u00ec 4 maggio 2022:<\/span><br \/><em><span style=\"font-family: verdana, geneva, sans-serif\">data annullata<\/span><\/em><br \/><br \/><span style=\"font-family: verdana, geneva, sans-serif\">mercoled\u00ec 6 giugno 2022:<\/span><br \/><em><span style=\"font-family: verdana, geneva, sans-serif\">data da definire<\/span><\/em><\/div>\n<div>\u00a0<\/div>\n\n\n\n<p style=\"text-align: center\"><span style=\"font-family: verdana, geneva, sans-serif;font-size: 12pt\">Sala Africa &#8211; Museo Africano, Vicolo Pozzo 1, Verona<\/span><br><span style=\"font-family: verdana, geneva, sans-serif;font-size: 12pt\">Inizio ore 20:30 &#8211; Ampio parcheggio interno a disposizione.<\/span><\/p>\n<p><span style=\"font-family: verdana, geneva, sans-serif;font-size: 12pt\">Accesso solo con Green Pass Rafforzato<br>La mascherina deve essere di tipo Ffp2 e va indossata durante tutta la permanenza all&#8217;interno della sala.<\/span><br><span style=\"font-family: verdana, geneva, sans-serif;font-size: 12pt\">La capienza della Sala \u00e8 di 100 posti a sedere, una volta esauriti non sar\u00e0 pi\u00f9 possibile accedere. Non sono ammessi posti in piedi.<\/span><\/p>\n\n\n\n<p><span style=\"font-family: verdana, geneva, sans-serif\">Per informazioni: Tel. 3481311462, <a href=\"mailto:angoloavventuraverona@gmail.com\"><strong>angoloavventuraverona@gmail.com<\/strong><\/a><\/span><\/p>\n\n\n\n<p><span style=\"font-family: verdana, geneva, sans-serif\">A fine proiezione i coordinatori dell\u2019Angolo di Verona saranno a disposizione per fornire informazioni e consigli su viaggi e destinazioni. <\/span><br \/><span style=\"font-family: verdana, geneva, sans-serif\">Inoltre potete trovare le copie gratuite della rivista semestrale &#8220;Avventure nel Mondo&#8221; con i racconti di viaggio e \u201cLa grande guida dei viaggiatori nel mondo\u201d: pi\u00f9 di 1300 itinerari che hanno reso celebre Avventure nel Mondo nei suoi oltre 40 anni.<\/span><\/p>\n","protected":false},"excerpt":{"rendered":"","protected":false},"author":52,"featured_media":0,"parent":0,"menu_order":0,"comment_status":"closed","ping_status":"closed","template":"","meta":{"_exactmetrics_skip_tracking":false,"_exactmetrics_sitenote_active":false,"_exactmetrics_sitenote_note":"","_exactmetrics_sitenote_category":0},"ppma_author":[55],"_links":{"self":[{"href":"https:\/\/www.angolodellavventura.com\/angolonuovoitalia\/wp-json\/wp\/v2\/pages\/1035"}],"collection":[{"href":"https:\/\/www.angolodellavventura.com\/angolonuovoitalia\/wp-json\/wp\/v2\/pages"}],"about":[{"href":"https:\/\/www.angolodellavventura.com\/angolonuovoitalia\/wp-json\/wp\/v2\/types\/page"}],"author":[{"embeddable":true,"href":"https:\/\/www.angolodellavventura.com\/angolonuovoitalia\/wp-json\/wp\/v2\/users\/52"}],"replies":[{"embeddable":true,"href":"https:\/\/www.angolodellavventura.com\/angolonuovoitalia\/wp-json\/wp\/v2\/comments?post=1035"}],"version-history":[{"count":0,"href":"https:\/\/www.angolodellavventura.com\/angolonuovoitalia\/wp-json\/wp\/v2\/pages\/1035\/revisions"}],"wp:attachment":[{"href":"https:\/\/www.angolodellavventura.com\/angolonuovoitalia\/wp-json\/wp\/v2\/media?parent=1035"}],"wp:term":[{"taxonomy":"author","embeddable":true,"href":"https:\/\/www.angolodellavventura.com\/angolonuovoitalia\/wp-json\/wp\/v2\/ppma_author?post=1035"}],"curies":[{"name":"wp","href":"https:\/\/api.w.org\/{rel}","templated":true}]}}